{"id":1000,"date":"2021-03-13T09:45:17","date_gmt":"2021-03-13T08:45:17","guid":{"rendered":"http:\/\/perkinelmer.cz\/?page_id=1000"},"modified":"2021-03-15T15:19:25","modified_gmt":"2021-03-15T14:19:25","slug":"chromatografie","status":"publish","type":"page","link":"https:\/\/perkinelmer.cz\/?page_id=1000","title":{"rendered":"Chromatografie"},"content":{"rendered":"<p>[et_pb_section fb_built=&#8221;1&#8243; _builder_version=&#8221;4.9.0&#8243; _module_preset=&#8221;default&#8221; background_color=&#8221;#f2f2f2&#8243; min_height=&#8221;100px&#8221; height=&#8221;100px&#8221;][et_pb_row _builder_version=&#8221;4.9.0&#8243; _module_preset=&#8221;default&#8221; min_height=&#8221;92px&#8221; custom_margin=&#8221;-38px||||false|false&#8221;][et_pb_column type=&#8221;4_4&#8243; _builder_version=&#8221;4.9.0&#8243; _module_preset=&#8221;default&#8221;][et_pb_text _builder_version=&#8221;4.9.0&#8243; _module_preset=&#8221;default&#8221; min_height=&#8221;10px&#8221; custom_padding__hover_enabled=&#8221;on|desktop&#8221;]<\/p>\n<h1>Plynov\u00e9 chromatografy<\/h1>\n<p>[\/et_pb_text][\/et_pb_column][\/et_pb_row][\/et_pb_section][et_pb_section fb_built=&#8221;1&#8243; _builder_version=&#8221;4.9.0&#8243; _module_preset=&#8221;default&#8221;][et_pb_row column_structure=&#8221;1_3,1_3,1_3&#8243; _builder_version=&#8221;4.9.0&#8243; _module_preset=&#8221;default&#8221;][et_pb_column type=&#8221;1_3&#8243; _builder_version=&#8221;4.9.0&#8243; _module_preset=&#8221;default&#8221;][et_pb_blurb title=&#8221;Clarus 590 GC&#8221; image=&#8221;http:\/\/perkinelmer.cz\/wp-content\/uploads\/2021\/03\/013420C_02_Clarus_590.png&#8221; _builder_version=&#8221;4.9.0&#8243; _module_preset=&#8221;default&#8221; link_option_url=&#8221;https:\/\/www.perkinelmer.com\/product\/clarus-590-120v-n6519590&#8243;]<\/p>\n<p>Pokud va\u0161e laborato\u0159 prov\u00e1d\u00ed velk\u00e9 mno\u017estv\u00ed rutinn\u00edch anal\u00fdz i aplikac\u00ed v\u00fdzkumu a v\u00fdvoje, pot\u0159ebujete flexibiln\u00ed a robustn\u00ed n\u00e1stroj, kter\u00fd spln\u00ed va\u0161e rozmanit\u00e9 po\u017eadavky. N\u00e1\u0161 plynov\u00fd chromatograf Clarus 590 je pln\u011b automatizovan\u00fd syst\u00e9m GC, kter\u00fd poskytuje funkce, umo\u017e\u0148uj\u00edc\u00ed vysok\u00fd v\u00fdkon, v\u011bt\u0161\u00ed flexibilitu a stabilitu. Spolu s prok\u00e1zanou kvalitou na\u0161\u00ed platformy GC je Clarus 590 GC vybaven FID \u00a0detektorem s \u0161irok\u00fdm rozsahem, nov\u00fdm vysoce v\u00fdkonn\u00fdm kapil\u00e1rn\u00edm injektorem se sn\u00ed\u017eenou reaktivitou a automatizovan\u00fdmi technologiemi vzorkov\u00e1n\u00ed, pro vst\u0159ikov\u00e1n\u00ed kapalin, headspace par a SPME na jednom syst\u00e9mu.<\/p>\n<p>[\/et_pb_blurb][\/et_pb_column][et_pb_column type=&#8221;1_3&#8243; _builder_version=&#8221;4.9.0&#8243; _module_preset=&#8221;default&#8221;][et_pb_blurb title=&#8221;Clarus 690 GC&#8221; image=&#8221;http:\/\/perkinelmer.cz\/wp-content\/uploads\/2021\/03\/013430_02_CLARUS_690GC.png&#8221; _builder_version=&#8221;4.9.0&#8243; _module_preset=&#8221;default&#8221; link_option_url=&#8221;https:\/\/www.perkinelmer.com\/product\/clarus-690-gc-n6659690&#8243;]<\/p>\n<p>Pokud je pro v\u00e1\u0161 provoz d\u016fle\u017eit\u00e1 maxim\u00e1ln\u00ed kapacita analyzovan\u00fdch vzork\u016f, zvolte plynov\u00fd chromatograf Clarus 690. Jeho patentovan\u00e1 vysoce v\u00fdkonn\u00e1 pec zaji\u0161\u0165uje nejrychlej\u0161\u00ed oh\u0159ev a chlazen\u00ed pece v oboru, co\u017e znamen\u00e1 krat\u0161\u00ed \u010dasy mezi n\u00e1st\u0159iky a schopnost zpracov\u00e1vat v\u00edce vzork\u016f denn\u011b. Nav\u00edc pec s dvojitou st\u011bnou a s koncentrick\u00fdm odtahem vzduchu poskytuje \u00a0rychl\u00e9 chlazen\u00ed na teploty bl\u00edzk\u00e9 okoln\u00edmu prost\u0159ed\u00ed bez pou\u017eit\u00ed kryogenn\u00edho chlazen\u00ed &#8211; kritick\u00e9 nap\u0159. pro anal\u00fdzu t\u011bkav\u00fdch organick\u00fdch l\u00e1tek.<\/p>\n<p>[\/et_pb_blurb][\/et_pb_column][et_pb_column type=&#8221;1_3&#8243; _builder_version=&#8221;4.9.0&#8243; _module_preset=&#8221;default&#8221;][et_pb_blurb title=&#8221;D\u00e1vkovac\u00ed syst\u00e9my TurboMatrix&#8221; image=&#8221;http:\/\/perkinelmer.cz\/wp-content\/uploads\/2021\/03\/TurboMatrix-HS-40.jpg&#8221; _builder_version=&#8221;4.9.0&#8243; _module_preset=&#8221;default&#8221; link_option_url=&#8221;https:\/\/www.perkinelmer.com\/category\/gas-chromatography-gc-instruments&#8221;]<\/p>\n<p>Syst\u00e9my TurboMatrix nab\u00edzej\u00ed ucelen\u00e9 porfolio pro d\u00e1vkov\u00e1n\u00ed vzork\u016f metodami headspace, termickou desorpc\u00ed a technikou SPME.<\/p>\n<ul>\n<li>TurboMatrix Headspace d\u00e1vkova\u010de jsou vybaveny\u00a0<span>unik\u00e1tn\u00ed tlakov\u011b vyv\u00e1\u017eenou technologi\u00ed vzorkov\u00e1n\u00ed a maj\u00ed kapacitu pro 16, 40 nebo 110 vzork\u016f<\/span><\/li>\n<li><span>TurboMatrix termick\u00e9 desorb\u00e9ry\u00a0\u0159e\u0161\u00ed celou \u0159adu aplikac\u00ed a jsou k dispozici v jedno-trubi\u010dkov\u00fdch nebo pln\u011b automatizovan\u00fdch variant\u00e1ch<\/span><\/li>\n<li><span>TurboMatrix MultiPrep d\u00e1vkova\u010d nab\u00edz\u00ed maxim\u00e1ln\u00ed flexibilitu d\u00edky kombinaci technik kapaln\u00e9ho n\u00e1st\u0159iku, headspace a SPME.<\/span><\/li>\n<\/ul>\n<p>[\/et_pb_blurb][\/et_pb_column][\/et_pb_row][\/et_pb_section][et_pb_section fb_built=&#8221;1&#8243; _builder_version=&#8221;4.9.0&#8243; _module_preset=&#8221;default&#8221; background_color=&#8221;#f2f2f2&#8243; min_height=&#8221;100px&#8221; height=&#8221;100px&#8221;][et_pb_row _builder_version=&#8221;4.9.0&#8243; _module_preset=&#8221;default&#8221; min_height=&#8221;92px&#8221; custom_margin=&#8221;-38px||||false|false&#8221;][et_pb_column type=&#8221;4_4&#8243; _builder_version=&#8221;4.9.0&#8243; _module_preset=&#8221;default&#8221;][et_pb_text _builder_version=&#8221;4.9.0&#8243; _module_preset=&#8221;default&#8221; min_height=&#8221;10px&#8221; custom_padding__hover_enabled=&#8221;on|desktop&#8221;]<\/p>\n<h1>Plynov\u00e9 chromatografy s hmotnostn\u00ed detekc\u00ed GC-MS<\/h1>\n<p>[\/et_pb_text][\/et_pb_column][\/et_pb_row][\/et_pb_section][et_pb_section fb_built=&#8221;1&#8243; _builder_version=&#8221;4.9.0&#8243; _module_preset=&#8221;default&#8221;][et_pb_row column_structure=&#8221;1_3,1_3,1_3&#8243; _builder_version=&#8221;4.9.0&#8243; _module_preset=&#8221;default&#8221; hover_enabled=&#8221;0&#8243; sticky_enabled=&#8221;0&#8243;][et_pb_column type=&#8221;1_3&#8243; _builder_version=&#8221;4.9.0&#8243; _module_preset=&#8221;default&#8221;][et_pb_blurb title=&#8221;Clarus SQ 8 GC-MS syst\u00e9my&#8221; image=&#8221;http:\/\/perkinelmer.cz\/wp-content\/uploads\/2021\/03\/Clarus-SQ-8-GC-MS.png&#8221; _builder_version=&#8221;4.9.0&#8243; _module_preset=&#8221;default&#8221; link_option_url=&#8221;https:\/\/www.perkinelmer.com\/category\/gas-chromatography-mass-spectrometry-gc-ms-instruments&#8221;]<\/p>\n<p><span>Platforma Clarus GC\/MS nab\u00edz\u00ed \u0161pi\u010dku v oblasti syst\u00e9m\u016f s jednoduch\u00fdm kvadrup\u00f3lem. Clarus SQ 8 GC\/MS nab\u00edz\u00ed unik\u00e1tn\u00ed kombinaci vysok\u00e9 citlivosti, stability a univerz\u00e1lnosti:<\/span><\/p>\n<ul>\n<li>\u0161pi\u010dka v citlivosti: patentovan\u00fd detektor Clarifi s dlouhou \u017eivotnost\u00ed<\/li>\n<li>mimo\u0159\u00e1dn\u011b snadn\u00e1 \u00fadr\u017eba: zdroj SMARTsource je snadno rozeb\u00edrateln\u00fd \u2013 bez n\u00e1stroj\u016f<\/li>\n<li>analytick\u00e1 flexibilita: velmi snadn\u00e9 p\u0159ep\u00edn\u00e1n\u00ed re\u017eim\u016f EI a CI<\/li>\n<li>U\u017eivatelsky p\u0159\u00edv\u011btiv\u00e9 ovl\u00e1d\u00e1n\u00ed: software TurboMass vyvinut\u00fd na m\u00edru pro GC\/MS aplikace<\/li>\n<\/ul>\n<p>[\/et_pb_blurb][\/et_pb_column][et_pb_column type=&#8221;1_3&#8243; _builder_version=&#8221;4.9.0&#8243; _module_preset=&#8221;default&#8221;][et_pb_blurb title=&#8221;Mobiln\u00ed GC-MS Torion T-9&#8243; image=&#8221;http:\/\/perkinelmer.cz\/wp-content\/uploads\/2021\/03\/Torion_320x320.png&#8221; _builder_version=&#8221;4.9.0&#8243; _module_preset=&#8221;default&#8221; link_option_url=&#8221;https:\/\/www.perkinelmer.com\/product\/torion-t-9-portable-gc-ms-instrument-ntsst090500&#8243;]<\/p>\n<p>Torion\u00ae T-9 \u00a0je nejmen\u0161\u00ed p\u0159enosn\u00fd GC-MS syst\u00e9m na sv\u011bt\u011b, je rychl\u00fd, spolehliv\u00fd a snadno pou\u017eiteln\u00fd. Integrovan\u00fd syst\u00e9m je vybaven kapil\u00e1rn\u00edm plynov\u00fdm chromatografem s vysokorychlostn\u00edm programov\u00e1n\u00edm teploty a miniaturizovan\u00fdm toroidn\u00edm ion-trap hmotnostn\u00edm detektorem s hmotnostn\u00edm rozsahem od 41 do 500 Dalton\u016f. Vzorky se vst\u0159ikuj\u00ed pomoc\u00ed nov\u00e9 SPME st\u0159\u00edka\u010dky, mikroextrakce na nerezov\u00e9m vl\u00e1knu nebo pomoc\u00ed techniky Needle Trap.<\/p>\n<p>Torion T-9 GC \/ MS je pln\u011b integrovan\u00fd samostatn\u00fd, v\u00e1\u017e\u00ed 15 kg a je nap\u00e1jen dob\u00edjec\u00ed bateri\u00ed. Je snadno ovladateln\u00fd, s barevn\u00fdm dotykov\u00fdm u\u017eivatelsk\u00fdm rozhran\u00edm nebo jednoduchou t\u0159\u00edtla\u010d\u00edtkovou navigac\u00ed. D\u00edky rychlosti a p\u0159enositelnosti je syst\u00e9m ide\u00e1ln\u00ed pro anal\u00fdzy v ter\u00e9nu.<\/p>\n<p>[\/et_pb_blurb][\/et_pb_column][et_pb_column type=&#8221;1_3&#8243; _builder_version=&#8221;4.9.0&#8243; _module_preset=&#8221;default&#8221;][\/et_pb_column][\/et_pb_row][\/et_pb_section][et_pb_section fb_built=&#8221;1&#8243; _builder_version=&#8221;4.9.0&#8243; _module_preset=&#8221;default&#8221; background_color=&#8221;#f2f2f2&#8243; min_height=&#8221;100px&#8221; height=&#8221;100px&#8221;][et_pb_row _builder_version=&#8221;4.9.0&#8243; _module_preset=&#8221;default&#8221; min_height=&#8221;92px&#8221; custom_margin=&#8221;-38px||||false|false&#8221;][et_pb_column type=&#8221;4_4&#8243; _builder_version=&#8221;4.9.0&#8243; _module_preset=&#8221;default&#8221;][et_pb_text _builder_version=&#8221;4.9.0&#8243; _module_preset=&#8221;default&#8221; min_height=&#8221;10px&#8221; custom_padding__hover_enabled=&#8221;on|desktop&#8221;]<\/p>\n<h1>Kapalinov\u00e9 chromatografy<\/h1>\n<p>[\/et_pb_text][\/et_pb_column][\/et_pb_row][\/et_pb_section][et_pb_section fb_built=&#8221;1&#8243; _builder_version=&#8221;4.9.0&#8243; _module_preset=&#8221;default&#8221;][et_pb_row column_structure=&#8221;1_3,1_3,1_3&#8243; _builder_version=&#8221;4.9.0&#8243; _module_preset=&#8221;default&#8221;][et_pb_column type=&#8221;1_3&#8243; _builder_version=&#8221;4.9.0&#8243; _module_preset=&#8221;default&#8221;][et_pb_blurb title=&#8221;LC 300 UHPLC&#8221; image=&#8221;http:\/\/perkinelmer.cz\/wp-content\/uploads\/2021\/03\/143075_LC300-ExternalOven-and-detectors_700x700-1.jpg&#8221; image_max_width=&#8221;98%&#8221; _builder_version=&#8221;4.9.0&#8243; _module_preset=&#8221;default&#8221; link_option_url=&#8221;https:\/\/www.perkinelmer.com\/Product\/lc300-pump-hplc-18k-N2550120&#8243;]<\/p>\n<div class=\"page\" title=\"Page 8\">\n<div class=\"section\">\n<div class=\"layoutArea\">\n<div class=\"column\">\n<p>N\u00e1\u0161 LC 300 UHPLC je syst\u00e9m volby pro aplikace, kter\u00e9 vy\u017eaduj\u00ed maxim\u00e1ln\u00ed v\u00fdkon a citlivost. S ultra p\u0159esn\u00fdm gradientem pr\u016ftok\u016f a\u017e 18 000 psi \/ 1240 bar\u016f dod\u00e1v\u00e1 syst\u00e9m LC 300 UHPLC v\u00fdkonnost a produktivitu po\u017eadovanou i pro ty nejn\u00e1ro\u010dn\u011bj\u0161\u00ed aplikace.\u00a0Mezi hlavn\u00ed vlastnosti platformy LC 300 UHPLC pat\u0159\u00ed:<\/p>\n<ul>\n<li>tlak do 18 000 psi (1240 bar)<\/li>\n<li>patentovan\u00e1 konstrukce vst\u0159ikovac\u00edho ventilu ILD sni\u017euje tlak a r\u00e1zy, aby zlep\u0161ila kvalitu dat a prodlou\u017eila \u017eivotnost kolony<\/li>\n<li>integrovan\u00fd z\u00e1sobn\u00edk rozpou\u0161t\u011bdel a kolonov\u00e1 pec pro sn\u00ed\u017een\u00ed slo\u017eitosti syst\u00e9mu<\/li>\n<li>\u0161irok\u00e1 \u0161k\u00e1la detektor\u016f: PDA, MWD, UV \/ Vis, FL a RI<\/li>\n<li>automatick\u00e9 \u0159ed\u011bn\u00ed a derivatizace vzork\u016f<\/li>\n<li>pln\u00e9 ovl\u00e1d\u00e1n\u00ed p\u0159\u00edstroje a zpracov\u00e1n\u00ed dat pomoc\u00ed softwaru SimplicityChrom \u2122 CDS<\/li>\n<\/ul>\n<\/div>\n<\/div>\n<\/div>\n<\/div>\n<p>[\/et_pb_blurb][\/et_pb_column][et_pb_column type=&#8221;1_3&#8243; _builder_version=&#8221;4.9.0&#8243; _module_preset=&#8221;default&#8221;][et_pb_blurb title=&#8221;LC 300 HPLC&#8221; image=&#8221;http:\/\/perkinelmer.cz\/wp-content\/uploads\/2021\/03\/143075_LC300-FrontalView1_700x700.jpg&#8221; _builder_version=&#8221;4.9.0&#8243; _module_preset=&#8221;default&#8221; link_option_url=&#8221;https:\/\/www.perkinelmer.com\/Product\/lc300-pump-hplc-10k-N2550110&#8243;]<\/p>\n<p>LC 300 HPLC je syst\u00e9m volby pro rutinn\u00ed chromatografick\u00e9 aplikace.\u00a0Mezi hlavn\u00ed vlastnosti platformy LC 300 HPLC pat\u0159\u00ed:<\/p>\n<ul>\n<li>tlak do 10 000 psi (690 bar)<\/li>\n<li>vysoce viditeln\u00fd barevn\u00fd displej pro okam\u017eit\u00e9 vyhodnocen\u00ed stavu syst\u00e9mu bez nutnosti p\u0159ihl\u00e1\u0161en\u00ed do softwaru CDS<\/li>\n<li>vynikaj\u00edc\u00ed reprodukovatelnost vst\u0159ikov\u00e1n\u00ed &#8211; i p\u0159i n\u00edzk\u00fdch objemech<br \/> T\u0159i re\u017eimy vst\u0159ikov\u00e1n\u00ed: pln\u00e1 smy\u010dka, \u010d\u00e1ste\u010dn\u00e9 smy\u010dka a \u00b5L n\u00e1st\u0159ik pro maxim\u00e1ln\u00ed flexibilitu<\/li>\n<li>dlouh\u00e1 \u017eivotnost t\u011bsn\u011bn\u00ed d\u00edky specializovan\u00e9mu a automatizovan\u00e9mu mechanismu oplachu t\u011bsn\u011bn\u00ed p\u00edstu<\/li>\n<li>\u0161irok\u00e1 \u0161k\u00e1la detektor\u016f: PDA, MWD, UV \/ Vis, FL a RI.<\/li>\n<\/ul>\n<p>[\/et_pb_blurb][\/et_pb_column][et_pb_column type=&#8221;1_3&#8243; _builder_version=&#8221;4.9.0&#8243; _module_preset=&#8221;default&#8221;][et_pb_blurb title=&#8221;HPLC Systems pro speci\u00e1ln\u00ed anal\u00fdzu NexSAR&#8221; image=&#8221;http:\/\/perkinelmer.cz\/wp-content\/uploads\/2021\/03\/NexSAR-HPLC-Stack_700x700.png&#8221; _builder_version=&#8221;4.9.0&#8243; _module_preset=&#8221;default&#8221; link_option_url=&#8221;https:\/\/www.perkinelmer.com\/Product\/nexsar-200-inert-hplc-pump-n8150506&#8243;]<\/p>\n<p>Kapalinov\u00fd chromatograf pro specia\u010dn\u00ed anal\u00fdzy nov\u00e9 generace navr\u017een\u00fd jako pln\u011b inertn\u00ed, co\u017e umo\u017e\u0148uje laborato\u0159\u00edm splnit po\u017eadavky n\u00edzk\u00e9ho chromatografick\u00e9ho pozad\u00ed i pro nejn\u00e1ro\u010dn\u011bj\u0161\u00ed specia\u010dn\u00ed aplikace.<\/p>\n<ul>\n<li>inertn\u00ed HPLC \u010derpadlo zkonstruovan\u00e9 tak, aby poskytovalo bezpulzn\u00ed a stabiln\u00ed z\u00e1kladn\u00ed linii,<\/li>\n<li>inertn\u00ed \/ chlazen\u00fd inertn\u00ed autosampler pro HPLC pro aplikace s chlazen\u00edm i bez chlazen\u00ed<\/li>\n<li>ergonomicky navr\u017een\u00fd z\u00e1sobn\u00edk mobiln\u00edch f\u00e1z\u00ed, kter\u00fd sni\u017euje kavitaci; n\u00e1doby s rozpou\u0161t\u011bdly jsou ulo\u017eeny v inertn\u00edm dr\u017e\u00e1ku, kter\u00fd zabra\u0148uje \u00faniku nebo rozlit\u00ed, kter\u00e9 by po\u0161kodilo zbytek syst\u00e9mu<\/li>\n<li>voliteln\u00fd t\u0159\u00edkan\u00e1lov\u00fd odply\u0148ova\u010d umo\u017e\u0148uje odplyn\u011bn\u00ed a\u017e t\u0159\u00ed r\u016fzn\u00fdch mobiln\u00edch f\u00e1z\u00ed.<\/li>\n<\/ul>\n<p>[\/et_pb_blurb][\/et_pb_column][\/et_pb_row][\/et_pb_section][et_pb_section fb_built=&#8221;1&#8243; _builder_version=&#8221;4.9.0&#8243; _module_preset=&#8221;default&#8221; background_color=&#8221;#f2f2f2&#8243; min_height=&#8221;100px&#8221; height=&#8221;100px&#8221;][et_pb_row _builder_version=&#8221;4.9.0&#8243; _module_preset=&#8221;default&#8221; min_height=&#8221;92px&#8221; custom_margin=&#8221;-38px||||false|false&#8221;][et_pb_column type=&#8221;4_4&#8243; _builder_version=&#8221;4.9.0&#8243; _module_preset=&#8221;default&#8221;][et_pb_text _builder_version=&#8221;4.9.0&#8243; _module_preset=&#8221;default&#8221; min_height=&#8221;10px&#8221; custom_padding__hover_enabled=&#8221;on|desktop&#8221;]<\/p>\n<h1>Kapalinov\u00e9 chromatografy s hmotnostn\u00ed detekc\u00ed LC\/MS a LC\/MS\/MS<\/h1>\n<p>[\/et_pb_text][\/et_pb_column][\/et_pb_row][\/et_pb_section][et_pb_section fb_built=&#8221;1&#8243; _builder_version=&#8221;4.9.0&#8243; _module_preset=&#8221;default&#8221;][et_pb_row column_structure=&#8221;1_3,1_3,1_3&#8243; _builder_version=&#8221;4.9.0&#8243; _module_preset=&#8221;default&#8221; hover_enabled=&#8221;0&#8243; sticky_enabled=&#8221;0&#8243;][et_pb_column type=&#8221;1_3&#8243; _builder_version=&#8221;4.9.0&#8243; _module_preset=&#8221;default&#8221;][et_pb_blurb title=&#8221;Trojn\u00e1sobn\u00fd kvadrup\u00f3l QSight LC\/MS\/MS&#8221; image=&#8221;http:\/\/perkinelmer.cz\/wp-content\/uploads\/2021\/03\/QSight_side-view_500x500.png&#8221; _builder_version=&#8221;4.9.0&#8243; _module_preset=&#8221;default&#8221; link_option_url=&#8221;https:\/\/www.perkinelmer.com\/category\/liquid-chromatography-mass-spectrometry-lc-ms-instruments&#8221;]<\/p>\n<p>&nbsp;<\/p>\n<p>QSight\u00ae Triple Quadrupole LC \/ MS \/ MS je kompletn\u00ed \u0159e\u0161en\u00ed od v\u00fdvoje metod a\u017e po v\u00fdsledky a reportov\u00e1n\u00ed. Tento inovativn\u00ed syst\u00e9m, kter\u00fd b\u011b\u017e\u00ed na softwarov\u00e9 platform\u011b Simplicity \u2122 3Q, se snadno u\u010d\u00ed a pou\u017e\u00edv\u00e1 a je postaven na patentovan\u00fdch technologi\u00edch, kter\u00e9 umo\u017e\u0148uj\u00ed vysokou citlivost a v\u00fdkon, maxim\u00e1ln\u00ed dobu provozuschopnosti a bezkonkuren\u010dn\u00ed mo\u017enosti vzd\u00e1len\u00e9 podpory.<\/p>\n<p>Trojn\u00e1sobn\u00fd kvadrup\u00f3l QSight spojuje nejflexibiln\u011bj\u0161\u00ed hmotnostn\u00ed spektrometr v oboru se stejn\u011b kvalitn\u00edm syst\u00e9mem QSight LX50 UHPLC, kter\u00fd poskytuje citlivost a specificitu pot\u0159ebnou pro n\u00e1ro\u010dn\u00e9 aplikace, jako je anal\u00fdza rezidu\u00ed pesticid\u016f nebo nutri\u010dn\u00edch slo\u017eek.<\/p>\n<p>&nbsp;<\/p>\n<p>[\/et_pb_blurb][\/et_pb_column][et_pb_column type=&#8221;1_3&#8243; _builder_version=&#8221;4.9.0&#8243; _module_preset=&#8221;default&#8221;][et_pb_blurb title=&#8221;AxION TOF MS&#8221; image=&#8221;http:\/\/perkinelmer.cz\/wp-content\/uploads\/2021\/03\/AxION-2-TOF-MS_320px.png&#8221; _builder_version=&#8221;4.9.0&#8243; _module_preset=&#8221;default&#8221; link_option_url=&#8221;https:\/\/www.perkinelmer.com\/product\/axion-2-tof-w-computer-bench-pump-kit-mz320025&#8243;]<\/p>\n<p>AxION TOF MS platforma zahrnuje inovativn\u00ed syst\u00e9my hmotnostn\u00ed spektrometrie a software byl navr\u017een pro p\u0159\u00edmo\u010dar\u00e9 \u0159e\u0161en\u00ed jak\u00e9koliv laboratorn\u00ed aplikace. AxION platforma zahrnuje AxION \u00ae \u2122 2 TOF MS pro p\u0159esn\u00e9 m\u011b\u0159en\u00ed hmotnosti a kvantifikaci a AxION Direct Sample Analysis (DSA \u2122) syst\u00e9m. To je technologie, kter\u00e1 umo\u017e\u0148uje p\u0159\u00edmou anal\u00fdzu vzork\u016f s minim\u00e1ln\u00ed a\u017e \u017e\u00e1dnou p\u0159\u00edpravou vzorku a chromatografi\u00ed.<\/p>\n<p>AxION TOF MS platforma zahrnuje inovativn\u00ed syst\u00e9my hmotnostn\u00ed spektrometrie a software byl navr\u017een pro p\u0159\u00edmo\u010dar\u00e9 \u0159e\u0161en\u00ed jak\u00e9koliv laboratorn\u00ed aplikace. AxION platforma zahrnuje AxION \u00ae \u2122 2 TOF MS pro p\u0159esn\u00e9 m\u011b\u0159en\u00ed hmotnosti a kvantifikaci a AxION Direct Sample Analysis (DSA \u2122) syst\u00e9m. To je technologie, kter\u00e1 umo\u017e\u0148uje p\u0159\u00edmou anal\u00fdzu vzork\u016f s minim\u00e1ln\u00ed a\u017e \u017e\u00e1dnou p\u0159\u00edpravou vzorku a chromatografi\u00ed.<\/p>\n<p>[\/et_pb_blurb][\/et_pb_column][et_pb_column type=&#8221;1_3&#8243; _builder_version=&#8221;4.9.0&#8243; _module_preset=&#8221;default&#8221;][\/et_pb_column][\/et_pb_row][\/et_pb_section]<\/p>\n","protected":false},"excerpt":{"rendered":"<p>[et_pb_section fb_built=&#8221;1&#8243; _builder_version=&#8221;4.9.0&#8243; _module_preset=&#8221;default&#8221; background_color=&#8221;#f2f2f2&#8243; min_height=&#8221;100px&#8221; height=&#8221;100px&#8221;][et_pb_row _builder_version=&#8221;4.9.0&#8243; _module_preset=&#8221;default&#8221; min_height=&#8221;92px&#8221; custom_margin=&#8221;-38px||||false|false&#8221;][et_pb_column type=&#8221;4_4&#8243; _builder_version=&#8221;4.9.0&#8243; _module_preset=&#8221;default&#8221;][et_pb_text _builder_version=&#8221;4.9.0&#8243; _module_preset=&#8221;default&#8221; min_height=&#8221;10px&#8221; custom_padding__hover_enabled=&#8221;on|desktop&#8221;] Plynov\u00e9 chromatografy [\/et_pb_text][\/et_pb_column][\/et_pb_row][\/et_pb_section][et_pb_section fb_built=&#8221;1&#8243; _builder_version=&#8221;4.9.0&#8243; _module_preset=&#8221;default&#8221;][et_pb_row column_structure=&#8221;1_3,1_3,1_3&#8243; _builder_version=&#8221;4.9.0&#8243; _module_preset=&#8221;default&#8221;][et_pb_column type=&#8221;1_3&#8243; _builder_version=&#8221;4.9.0&#8243; _module_preset=&#8221;default&#8221;][et_pb_blurb title=&#8221;Clarus 590 GC&#8221; image=&#8221;http:\/\/perkinelmer.cz\/wp-content\/uploads\/2021\/03\/013420C_02_Clarus_590.png&#8221; _builder_version=&#8221;4.9.0&#8243; _module_preset=&#8221;default&#8221; link_option_url=&#8221;https:\/\/www.perkinelmer.com\/product\/clarus-590-120v-n6519590&#8243;] Pokud va\u0161e laborato\u0159 prov\u00e1d\u00ed velk\u00e9 mno\u017estv\u00ed rutinn\u00edch anal\u00fdz i aplikac\u00ed v\u00fdzkumu a v\u00fdvoje, pot\u0159ebujete flexibiln\u00ed a robustn\u00ed n\u00e1stroj, [&hellip;]<\/p>\n","protected":false},"author":1,"featured_media":0,"parent":0,"menu_order":0,"comment_status":"closed","ping_status":"closed","template":"","meta":{"_et_pb_use_builder":"on","_et_pb_old_content":"<!-- wp:divi\/placeholder \/-->","_et_gb_content_width":"","footnotes":""},"class_list":["post-1000","page","type-page","status-publish","hentry"],"_links":{"self":[{"href":"https:\/\/perkinelmer.cz\/index.php?rest_route=\/wp\/v2\/pages\/1000","targetHints":{"allow":["GET"]}}],"collection":[{"href":"https:\/\/perkinelmer.cz\/index.php?rest_route=\/wp\/v2\/pages"}],"about":[{"href":"https:\/\/perkinelmer.cz\/index.php?rest_route=\/wp\/v2\/types\/page"}],"author":[{"embeddable":true,"href":"https:\/\/perkinelmer.cz\/index.php?rest_route=\/wp\/v2\/users\/1"}],"replies":[{"embeddable":true,"href":"https:\/\/perkinelmer.cz\/index.php?rest_route=%2Fwp%2Fv2%2Fcomments&post=1000"}],"version-history":[{"count":11,"href":"https:\/\/perkinelmer.cz\/index.php?rest_route=\/wp\/v2\/pages\/1000\/revisions"}],"predecessor-version":[{"id":1070,"href":"https:\/\/perkinelmer.cz\/index.php?rest_route=\/wp\/v2\/pages\/1000\/revisions\/1070"}],"wp:attachment":[{"href":"https:\/\/perkinelmer.cz\/index.php?rest_route=%2Fwp%2Fv2%2Fmedia&parent=1000"}],"curies":[{"name":"wp","href":"https:\/\/api.w.org\/{rel}","templated":true}]}}