{"id":1004,"date":"2021-03-13T09:46:21","date_gmt":"2021-03-13T08:46:21","guid":{"rendered":"http:\/\/perkinelmer.cz\/?page_id=1004"},"modified":"2021-03-17T10:56:59","modified_gmt":"2021-03-17T09:56:59","slug":"termicka-a-elementarni-analyza","status":"publish","type":"page","link":"https:\/\/perkinelmer.cz\/?page_id=1004","title":{"rendered":"Termick\u00e1 a element\u00e1rn\u00ed anal\u00fdza"},"content":{"rendered":"<p>[et_pb_section fb_built=&#8221;1&#8243; _builder_version=&#8221;4.9.0&#8243; _module_preset=&#8221;default&#8221; background_color=&#8221;#f2f2f2&#8243; min_height=&#8221;100px&#8221; height=&#8221;100px&#8221;][et_pb_row _builder_version=&#8221;4.9.0&#8243; _module_preset=&#8221;default&#8221; min_height=&#8221;92px&#8221; custom_margin=&#8221;-38px||||false|false&#8221;][et_pb_column type=&#8221;4_4&#8243; _builder_version=&#8221;4.9.0&#8243; _module_preset=&#8221;default&#8221;][et_pb_text _builder_version=&#8221;4.9.0&#8243; _module_preset=&#8221;default&#8221; min_height=&#8221;10px&#8221; custom_padding__hover_enabled=&#8221;on|desktop&#8221;]<\/p>\n<h1>Diferen\u010dn\u00ed skenovac\u00ed kalorimetrie DSC<\/h1>\n<p>[\/et_pb_text][\/et_pb_column][\/et_pb_row][\/et_pb_section][et_pb_section fb_built=&#8221;1&#8243; _builder_version=&#8221;4.9.0&#8243; _module_preset=&#8221;default&#8221;][et_pb_row column_structure=&#8221;1_3,1_3,1_3&#8243; _builder_version=&#8221;4.9.0&#8243; _module_preset=&#8221;default&#8221;][et_pb_column type=&#8221;1_3&#8243; _builder_version=&#8221;4.9.0&#8243; _module_preset=&#8221;default&#8221;][et_pb_blurb title=&#8221;DSC 8500&#8243; image=&#8221;http:\/\/perkinelmer.cz\/wp-content\/uploads\/2021\/03\/DSC-8500-1.jpg&#8221; _builder_version=&#8221;4.9.0&#8243; _module_preset=&#8221;default&#8221; link_option_url=&#8221;https:\/\/www.perkinelmer.com\/product\/dsc-8500-lab-system-n5340501&#8243;]<\/p>\n<p>DSC 8500 je \u0161pi\u010dkou ve sv\u011bt\u011b DSC. P\u0159\u00edstoj je vybaven unik\u00e1tn\u00edm syst\u00e9mem dvou p\u00edcek a technologi\u00ed HyperDSC. Mimo jin\u00e9 nab\u00edz\u00ed tyto vlastnosti:<\/p>\n<ul>\n<li>extr\u00e9mn\u011b rychl\u00e9 \u0159\u00edzen\u00e9 rychlosti skenov\u00e1n\u00ed a\u017e 750 \u00b0 C \/ min<\/li>\n<li>in-situ balistick\u00e9 chlazen\u00ed a\u017e 2100 \u00b0 C \/ min, co\u017e umo\u017e\u0148uje experimenty napodobuj\u00edc\u00ed procesy v re\u00e1ln\u00e9m sv\u011bt\u011b<\/li>\n<li>velmi rychl\u00e9 sn\u00edm\u00e1n\u00ed dat (100 bod\u016f \/ s) zaji\u0161\u0165uj\u00edc\u00ed vysokou integritu dat.<\/li>\n<\/ul>\n<p>[\/et_pb_blurb][\/et_pb_column][et_pb_column type=&#8221;1_3&#8243; _builder_version=&#8221;4.9.0&#8243; _module_preset=&#8221;default&#8221;][et_pb_blurb title=&#8221;DSC 8000&#8243; image=&#8221;http:\/\/perkinelmer.cz\/wp-content\/uploads\/2021\/03\/DSC-8000.jpg&#8221; _builder_version=&#8221;4.9.0&#8243; _module_preset=&#8221;default&#8221; link_option_url=&#8221;https:\/\/www.perkinelmer.com\/product\/dsc-8000-lab-system-n5340511&#8243;]<\/p>\n<p>DSC 8000 je zlat\u00fdm standardem v oblasti DSC pro nejn\u00e1ro\u010dn\u011bj\u0161\u00ed aplikace. P\u0159\u00edtroj je vybaven techologi\u00ed dvou p\u00edcek pro co nejspr\u00e1vn\u011b+j\u0161\u00ed m\u011b\u0159en\u00ed tepeln\u00e9ho toku. Dal\u0161\u00ed vlastnosti:<\/p>\n<ul>\n<li>symetrick\u00fd design zaji\u0161\u0165uje, \u017ee odezva p\u0159\u00edstroje ze vzorkovac\u00ed a referen\u010dn\u00ed p\u00e1nvi\u010dky jsou v\u017edy identick\u00e9<\/li>\n<li>neoxiduj\u00edc\u00ed chemicky odoln\u00e9 pece ze slitiny platiny<\/li>\n<li>\u0159\u00edzen\u00fd oh\u0159ev a\u017e 300\u00b0C\/min.<\/li>\n<\/ul>\n<p>[\/et_pb_blurb][\/et_pb_column][et_pb_column type=&#8221;1_3&#8243; _builder_version=&#8221;4.9.0&#8243; _module_preset=&#8221;default&#8221;][et_pb_blurb title=&#8221;DSC 4000&#8243; image=&#8221;http:\/\/perkinelmer.cz\/wp-content\/uploads\/2021\/03\/DSC-4000.jpg&#8221; _builder_version=&#8221;4.9.0&#8243; _module_preset=&#8221;default&#8221; link_option_url=&#8221;https:\/\/www.perkinelmer.com\/product\/dsc-4000-system-100-240v-50-60hz-n5370212&#8243;]<\/p>\n<p>DSC 4000 je spolehliv\u00fd p\u0159\u00edstroj s jednou p\u00edckou (syst\u00e9m heat flux) ur\u010den\u00fd pro rutinn\u00ed aplikace. Dal\u0161\u00ed vlastnosti:<\/p>\n<ul>\n<li>integrovan\u00fd regul\u00e1tor hmotnostn\u00edho pr\u016ftoku pro pohodln\u00e9 ovl\u00e1d\u00e1n\u00ed a p\u0159ep\u00edn\u00e1n\u00ed plynu<\/li>\n<li>rychl\u00fd 45-polohov\u00fd automatick\u00fd vzorkova\u010d pro spolehliv\u00fd bezobslu\u017en\u00fd provoz<\/li>\n<li>efektivn\u00ed, snadno \u010distiteln\u00e1 chromniklov\u00e1 p\u00edcka.<\/li>\n<\/ul>\n<p>[\/et_pb_blurb][\/et_pb_column][\/et_pb_row][\/et_pb_section][et_pb_section fb_built=&#8221;1&#8243; _builder_version=&#8221;4.9.0&#8243; _module_preset=&#8221;default&#8221; background_color=&#8221;#f2f2f2&#8243; min_height=&#8221;100px&#8221; height=&#8221;100px&#8221;][et_pb_row _builder_version=&#8221;4.9.0&#8243; _module_preset=&#8221;default&#8221; min_height=&#8221;92px&#8221; custom_margin=&#8221;-38px||||false|false&#8221;][et_pb_column type=&#8221;4_4&#8243; _builder_version=&#8221;4.9.0&#8243; _module_preset=&#8221;default&#8221;][et_pb_text _builder_version=&#8221;4.9.0&#8243; _module_preset=&#8221;default&#8221; min_height=&#8221;10px&#8221; custom_padding=&#8221;0px|||||&#8221; custom_padding__hover_enabled=&#8221;on|desktop&#8221;]<\/p>\n<h1>Termogravimetrie TGA, syst\u00e9my TG-IR, TG-MS, TG-GC\/MS, TG-IR-GC\/MS<\/h1>\n<p>[\/et_pb_text][\/et_pb_column][\/et_pb_row][\/et_pb_section][et_pb_section fb_built=&#8221;1&#8243; _builder_version=&#8221;4.9.0&#8243; _module_preset=&#8221;default&#8221;][et_pb_row column_structure=&#8221;1_3,1_3,1_3&#8243; _builder_version=&#8221;4.9.0&#8243; _module_preset=&#8221;default&#8221;][et_pb_column type=&#8221;1_3&#8243; _builder_version=&#8221;4.9.0&#8243; _module_preset=&#8221;default&#8221;][et_pb_blurb title=&#8221;TGA 8000&#8243; image=&#8221;http:\/\/perkinelmer.cz\/wp-content\/uploads\/2021\/03\/TGA8000_Thermogravimetric_Analyzer_700x700.jpg&#8221; _builder_version=&#8221;4.9.0&#8243; _module_preset=&#8221;default&#8221; link_option_url=&#8221;https:\/\/www.perkinelmer.com\/product\/tga-8000-analyzer-including-autosampler-n5320011&#8243;]<\/p>\n<p>N\u00e1\u0161 termogravimetrick\u00fd analyz\u00e1tor TGA 8000 \u2122 v\u00e1m poskytuje \u00faplnou kontrolu nad prost\u0159ed\u00edm va\u0161eho vzorku a poskytuje vysokou kapacitu anal\u00fdz a spolehlivost, a to i bez dozoru. V kombinaci s FT-IR, MS, GC \/ MS a dal\u0161\u00edmi syst\u00e9my umo\u017e\u0148uje detailn\u00ed anal\u00fdzu lep\u0161\u00ed plyn\u016f uvoln\u011bn\u00fdch ze vzorku.<\/p>\n<p>[\/et_pb_blurb][\/et_pb_column][et_pb_column type=&#8221;1_3&#8243; _builder_version=&#8221;4.9.0&#8243; _module_preset=&#8221;default&#8221;][et_pb_blurb title=&#8221;TGA 4000&#8243; image=&#8221;http:\/\/perkinelmer.cz\/wp-content\/uploads\/2021\/03\/TGA-4000-N5370210_320px.png&#8221; _builder_version=&#8221;4.9.0&#8243; _module_preset=&#8221;default&#8221; link_option_url=&#8221;https:\/\/www.perkinelmer.com\/product\/tga-4000-system-100-240v-50-60hz-n5370210&#8243;]<\/p>\n<p>TGA 4000 je navr\u017een s kompaktn\u00ed keramickou pec\u00ed, kter\u00e1 zaji\u0161\u0165uje regulaci teploty, kterou pot\u0159ebujete pro p\u0159esn\u00e9 v\u00fdsledky. Jeho robustn\u00ed design je tak\u00e9 odoln\u00fd proti korozi. Jedn\u00e1 se o ide\u00e1ln\u00ed p\u0159\u00edstroj pro rutinn\u00ed TGA aplikace.<\/p>\n<p>[\/et_pb_blurb][\/et_pb_column][et_pb_column type=&#8221;1_3&#8243; _builder_version=&#8221;4.9.0&#8243; _module_preset=&#8221;default&#8221;][et_pb_blurb title=&#8221;TG-IR, TG-MS, TG-GC\/MS&#8230;&#8221; image=&#8221;http:\/\/perkinelmer.cz\/wp-content\/uploads\/2021\/03\/TG-IR-GC-MS.png&#8221; _builder_version=&#8221;4.9.0&#8243; _module_preset=&#8221;default&#8221; link_option_url=&#8221;https:\/\/www.perkinelmer.com\/category\/hyphenated-technology-instruments&#8221;]<\/p>\n<p>Syst\u00e9my vyvinut\u00e9 pro anal\u00fdzu uvoln\u011bn\u00fdch plyn\u016f (EGA) spojuj\u00ed dv\u011b nebo v\u00edce analytick\u00fdch technologi\u00ed, kter\u00e9 v\u00fdrazn\u011b zvy\u0161uj\u00ed mo\u017enosti charakterizace materi\u00e1l\u016f a \u0161et\u0159\u00ed \u010das z\u00edsk\u00e1v\u00e1n\u00edm v\u00edce informac\u00ed z jedin\u00e9 anal\u00fdzy. EGA syst\u00e9my jsou d\u016fle\u017eit\u00fdm n\u00e1strojem p\u0159i anal\u00fdze a identifikaci komplexn\u00edch sm\u011bs\u00ed, zn\u00e1m\u00fdch i nezn\u00e1m\u00fdch, v\u010detn\u011b identifikace \u0161kodliv\u00fdch chemik\u00e1li\u00ed v p\u016fd\u011b, kvantifikace slo\u017eek v polymerech, stanoven\u00ed t\u011bkav\u00fdch slo\u017eek, kter\u00e9 mohou kontaminovat obal produktu, identifikace ftal\u00e1t\u016f ve vzorc\u00edch PVC a dal\u0161\u00ed.<\/p>\n<p>[\/et_pb_blurb][\/et_pb_column][\/et_pb_row][\/et_pb_section][et_pb_section fb_built=&#8221;1&#8243; _builder_version=&#8221;4.9.0&#8243; _module_preset=&#8221;default&#8221; background_color=&#8221;#f2f2f2&#8243; min_height=&#8221;100px&#8221; height=&#8221;100px&#8221;][et_pb_row _builder_version=&#8221;4.9.0&#8243; _module_preset=&#8221;default&#8221; min_height=&#8221;92px&#8221; custom_margin=&#8221;-38px||||false|false&#8221;][et_pb_column type=&#8221;4_4&#8243; _builder_version=&#8221;4.9.0&#8243; _module_preset=&#8221;default&#8221;][et_pb_text _builder_version=&#8221;4.9.0&#8243; _module_preset=&#8221;default&#8221; min_height=&#8221;10px&#8221; custom_padding__hover_enabled=&#8221;on|desktop&#8221;]<\/p>\n<h1>Mechanick\u00e1 anal\u00fdza DMA a TMA<\/h1>\n<h1><\/h1>\n<p>&nbsp;<\/p>\n<p>[\/et_pb_text][\/et_pb_column][\/et_pb_row][\/et_pb_section][et_pb_section fb_built=&#8221;1&#8243; _builder_version=&#8221;4.9.0&#8243; _module_preset=&#8221;default&#8221;][et_pb_row column_structure=&#8221;1_3,1_3,1_3&#8243; _builder_version=&#8221;4.9.0&#8243; _module_preset=&#8221;default&#8221;][et_pb_column type=&#8221;1_3&#8243; _builder_version=&#8221;4.9.0&#8243; _module_preset=&#8221;default&#8221;][et_pb_blurb title=&#8221;DMA 8000&#8243; image=&#8221;http:\/\/perkinelmer.cz\/wp-content\/uploads\/2021\/03\/DMA-8000-N5330101_320px.png&#8221; _builder_version=&#8221;4.9.0&#8243; _module_preset=&#8221;default&#8221; link_option_url=&#8221;https:\/\/www.perkinelmer.com\/product\/dma-8000-analyzer-qtz-window-ssti-clamp-n5330101&#8243;]<\/p>\n<p>P\u0159\u00edstroj ur\u010den\u00fd pro anal\u00fdzu dynamicko-mechanick\u00fdch vlastnost\u00ed materi\u00e1l\u016f v z\u00e1vislosti na teplot\u011b.\u00a0DMA 8000 m\u00e1 inovativn\u00ed design, vysokou funk\u010dnost a flexibiln\u00ed provoz, co\u017e ho \u010din\u00ed ide\u00e1ln\u00edm pro pokro\u010dil\u00fd v\u00fdzkum a rutinn\u00ed testov\u00e1n\u00ed kvality v polymern\u00edm, kompozitn\u00edm, farmaceutick\u00e9m a potravin\u00e1\u0159sk\u00e9m pr\u016fmyslu.<\/p>\n<p>[\/et_pb_blurb][\/et_pb_column][et_pb_column type=&#8221;1_3&#8243; _builder_version=&#8221;4.9.0&#8243; _module_preset=&#8221;default&#8221;][et_pb_blurb title=&#8221;TMA 4000&#8243; image=&#8221;http:\/\/perkinelmer.cz\/wp-content\/uploads\/2021\/03\/TMA4000_Silhouette_wNameplate_320px.png&#8221; _builder_version=&#8221;4.9.0&#8243; _module_preset=&#8221;default&#8221; link_option_url=&#8221;https:\/\/www.perkinelmer.com\/product\/tma-4000-lab-system-100-230v-l8040000&#8243;]<\/p>\n<p>PerkinElmer TMA 4000 je \u00a0termomechanick\u00fd analyz\u00e1tor (TMA) navr\u017een\u00fd pro optim\u00e1ln\u00ed v\u00fdkon p\u0159i m\u011b\u0159en\u00ed koeficientu tepeln\u00e9 rozta\u017enosti (CTE) v materi\u00e1lech. Data lze ze vzork\u016f sb\u00edrat v mnoha form\u00e1ch pomoc\u00ed \u0159ady sond, v\u010detn\u011b expanze, komprese, flexe, extenze a objemov\u00e9 (dilatometrie).<\/p>\n<p>[\/et_pb_blurb][\/et_pb_column][et_pb_column type=&#8221;1_3&#8243; _builder_version=&#8221;4.9.0&#8243; _module_preset=&#8221;default&#8221;][\/et_pb_column][\/et_pb_row][\/et_pb_section][et_pb_section fb_built=&#8221;1&#8243; _builder_version=&#8221;4.9.0&#8243; _module_preset=&#8221;default&#8221; background_color=&#8221;#f2f2f2&#8243; min_height=&#8221;100px&#8221; height=&#8221;100px&#8221;][et_pb_row _builder_version=&#8221;4.9.0&#8243; _module_preset=&#8221;default&#8221; min_height=&#8221;92px&#8221; custom_margin=&#8221;-38px||||false|false&#8221;][et_pb_column type=&#8221;4_4&#8243; _builder_version=&#8221;4.9.0&#8243; _module_preset=&#8221;default&#8221;][et_pb_text _builder_version=&#8221;4.9.0&#8243; _module_preset=&#8221;default&#8221; min_height=&#8221;10px&#8221; custom_padding=&#8221;0px|||||&#8221; custom_padding__hover_enabled=&#8221;on|desktop&#8221;]<\/p>\n<h1>Simult\u00e1nn\u00ed termick\u00e1 anal\u00fdza<\/h1>\n<p>[\/et_pb_text][\/et_pb_column][\/et_pb_row][\/et_pb_section][et_pb_section fb_built=&#8221;1&#8243; _builder_version=&#8221;4.9.0&#8243; _module_preset=&#8221;default&#8221;][et_pb_row column_structure=&#8221;1_3,1_3,1_3&#8243; _builder_version=&#8221;4.9.0&#8243; _module_preset=&#8221;default&#8221;][et_pb_column type=&#8221;1_3&#8243; _builder_version=&#8221;4.9.0&#8243; _module_preset=&#8221;default&#8221;][et_pb_blurb title=&#8221;STA 8000&#8243; image=&#8221;http:\/\/perkinelmer.cz\/wp-content\/uploads\/2021\/03\/IMG_STA-8000-scaled.jpg&#8221; _builder_version=&#8221;4.9.0&#8243; _module_preset=&#8221;default&#8221; hover_enabled=&#8221;0&#8243; link_option_url=&#8221;https:\/\/www.perkinelmer.com\/product\/sta-8000-lab-system-n5370027&#8243; title_text=&#8221;IMG_STA-8000&#8243; sticky_enabled=&#8221;0&#8243;]<\/p>\n<p>Simult\u00e1nn\u00ed anal\u00fdza TG s DTA nebo DSC re\u017eimem. Teplotn\u00ed rozsah a\u017e do 1600\u00b0C umo\u017e\u0148uje anal\u00fdza \u0161irok\u00e9 \u0161k\u00e1ly materi\u00e1l\u016f. Citliv\u00e1 v\u00e1ha je um\u00edst\u011bna pod p\u00edckou, co\u017e zaji\u0161\u0165uje jej\u00ed optim\u00e1ln\u00ed ochranu p\u0159ed kontaminac\u00ed.<\/p>\n<p>[\/et_pb_blurb][\/et_pb_column][et_pb_column type=&#8221;1_3&#8243; _builder_version=&#8221;4.9.0&#8243; _module_preset=&#8221;default&#8221;][et_pb_blurb title=&#8221;STA 6000&#8243; image=&#8221;http:\/\/perkinelmer.cz\/wp-content\/uploads\/2021\/03\/STA-6000.jpg&#8221; _builder_version=&#8221;4.9.0&#8243; _module_preset=&#8221;default&#8221; link_option_url=&#8221;https:\/\/www.perkinelmer.com\/product\/sta-6000-system-n5370025&#8243; title_text=&#8221;STA 6000&#8243; hover_enabled=&#8221;0&#8243; sticky_enabled=&#8221;0&#8243;]<\/p>\n<p>Simult\u00e1nn\u00ed anal\u00fdza TG s DTA nebo DSC re\u017eimem a s teplotn\u00edm rozsahem do 1000\u00b0C. Citliv\u00e1 v\u00e1ha je um\u00edst\u011bna pod p\u00edckou, co\u017e zaji\u0161\u0165uje jej\u00ed optim\u00e1ln\u00ed ochranu p\u0159ed kontaminac\u00ed.<\/p>\n<p>[\/et_pb_blurb][\/et_pb_column][et_pb_column type=&#8221;1_3&#8243; _builder_version=&#8221;4.9.0&#8243; _module_preset=&#8221;default&#8221;][\/et_pb_column][\/et_pb_row][\/et_pb_section][et_pb_section fb_built=&#8221;1&#8243; _builder_version=&#8221;4.9.0&#8243; _module_preset=&#8221;default&#8221; background_color=&#8221;#f2f2f2&#8243; min_height=&#8221;100px&#8221; height=&#8221;100px&#8221;][et_pb_row _builder_version=&#8221;4.9.0&#8243; _module_preset=&#8221;default&#8221; min_height=&#8221;92px&#8221; custom_margin=&#8221;-38px||||false|false&#8221;][et_pb_column type=&#8221;4_4&#8243; _builder_version=&#8221;4.9.0&#8243; _module_preset=&#8221;default&#8221;][et_pb_text _builder_version=&#8221;4.9.0&#8243; _module_preset=&#8221;default&#8221; min_height=&#8221;10px&#8221; custom_padding=&#8221;0px|||||&#8221; custom_padding__hover_enabled=&#8221;on|desktop&#8221;]<\/p>\n<h1>Element\u00e1rn\u00ed anal\u00fdza CHNS\/O<\/h1>\n<p>&nbsp;<\/p>\n<p>[\/et_pb_text][\/et_pb_column][\/et_pb_row][\/et_pb_section][et_pb_section fb_built=&#8221;1&#8243; _builder_version=&#8221;4.9.0&#8243; _module_preset=&#8221;default&#8221;][et_pb_row column_structure=&#8221;1_3,1_3,1_3&#8243; _builder_version=&#8221;4.9.0&#8243; _module_preset=&#8221;default&#8221;][et_pb_column type=&#8221;1_3&#8243; _builder_version=&#8221;4.9.0&#8243; _module_preset=&#8221;default&#8221;][et_pb_blurb title=&#8221;2400 Series II CHNS analyz\u00e1tor&#8221; image=&#8221;http:\/\/perkinelmer.cz\/wp-content\/uploads\/2021\/03\/2400SeriesIICHNSO.jpg&#8221; _builder_version=&#8221;4.9.0&#8243; _module_preset=&#8221;default&#8221; hover_enabled=&#8221;0&#8243; link_option_url=&#8221;https:\/\/www.perkinelmer.com\/product\/2400-chns-o-series-ii-system-100v-n2410650&#8243; title_text=&#8221;2400SeriesIICHNSO&#8221; sticky_enabled=&#8221;0&#8243;]<\/p>\n<p>P\u0159\u00edstroj pro rychl\u00e9 stanoven\u00ed obsahu uhl\u00edku, vod\u00edku, dus\u00edku a s\u00edry v organick\u00fdch a jin\u00fdch typech materi\u00e1l\u016f. Ov\u011b\u0159en\u00e1 technologie spalov\u00e1n\u00ed vzork\u016f a separace plynn\u00fdch produkt\u016f pomoc\u00ed z\u00f3nov\u00e9 chromatografie. P\u0159\u00edstroj je vybaven autosamplerem pro 60 vzork\u016f<\/p>\n<p>[\/et_pb_blurb][\/et_pb_column][et_pb_column type=&#8221;1_3&#8243; _builder_version=&#8221;4.9.0&#8243; _module_preset=&#8221;default&#8221;][\/et_pb_column][et_pb_column type=&#8221;1_3&#8243; _builder_version=&#8221;4.9.0&#8243; _module_preset=&#8221;default&#8221;][\/et_pb_column][\/et_pb_row][\/et_pb_section]<\/p>\n","protected":false},"excerpt":{"rendered":"<p>[et_pb_section fb_built=&#8221;1&#8243; _builder_version=&#8221;4.9.0&#8243; _module_preset=&#8221;default&#8221; background_color=&#8221;#f2f2f2&#8243; min_height=&#8221;100px&#8221; height=&#8221;100px&#8221;][et_pb_row _builder_version=&#8221;4.9.0&#8243; _module_preset=&#8221;default&#8221; min_height=&#8221;92px&#8221; custom_margin=&#8221;-38px||||false|false&#8221;][et_pb_column type=&#8221;4_4&#8243; _builder_version=&#8221;4.9.0&#8243; _module_preset=&#8221;default&#8221;][et_pb_text _builder_version=&#8221;4.9.0&#8243; _module_preset=&#8221;default&#8221; min_height=&#8221;10px&#8221; custom_padding__hover_enabled=&#8221;on|desktop&#8221;] Diferen\u010dn\u00ed skenovac\u00ed kalorimetrie DSC [\/et_pb_text][\/et_pb_column][\/et_pb_row][\/et_pb_section][et_pb_section fb_built=&#8221;1&#8243; _builder_version=&#8221;4.9.0&#8243; _module_preset=&#8221;default&#8221;][et_pb_row column_structure=&#8221;1_3,1_3,1_3&#8243; _builder_version=&#8221;4.9.0&#8243; _module_preset=&#8221;default&#8221;][et_pb_column type=&#8221;1_3&#8243; _builder_version=&#8221;4.9.0&#8243; _module_preset=&#8221;default&#8221;][et_pb_blurb title=&#8221;DSC 8500&#8243; image=&#8221;http:\/\/perkinelmer.cz\/wp-content\/uploads\/2021\/03\/DSC-8500-1.jpg&#8221; _builder_version=&#8221;4.9.0&#8243; _module_preset=&#8221;default&#8221; link_option_url=&#8221;https:\/\/www.perkinelmer.com\/product\/dsc-8500-lab-system-n5340501&#8243;] DSC 8500 je \u0161pi\u010dkou ve sv\u011bt\u011b DSC. P\u0159\u00edstoj je vybaven unik\u00e1tn\u00edm syst\u00e9mem dvou p\u00edcek a technologi\u00ed HyperDSC. [&hellip;]<\/p>\n","protected":false},"author":1,"featured_media":0,"parent":0,"menu_order":0,"comment_status":"closed","ping_status":"closed","template":"","meta":{"_et_pb_use_builder":"on","_et_pb_old_content":"<!-- wp:divi\/placeholder \/-->","_et_gb_content_width":"","footnotes":""},"class_list":["post-1004","page","type-page","status-publish","hentry"],"_links":{"self":[{"href":"https:\/\/perkinelmer.cz\/index.php?rest_route=\/wp\/v2\/pages\/1004","targetHints":{"allow":["GET"]}}],"collection":[{"href":"https:\/\/perkinelmer.cz\/index.php?rest_route=\/wp\/v2\/pages"}],"about":[{"href":"https:\/\/perkinelmer.cz\/index.php?rest_route=\/wp\/v2\/types\/page"}],"author":[{"embeddable":true,"href":"https:\/\/perkinelmer.cz\/index.php?rest_route=\/wp\/v2\/users\/1"}],"replies":[{"embeddable":true,"href":"https:\/\/perkinelmer.cz\/index.php?rest_route=%2Fwp%2Fv2%2Fcomments&post=1004"}],"version-history":[{"count":9,"href":"https:\/\/perkinelmer.cz\/index.php?rest_route=\/wp\/v2\/pages\/1004\/revisions"}],"predecessor-version":[{"id":1113,"href":"https:\/\/perkinelmer.cz\/index.php?rest_route=\/wp\/v2\/pages\/1004\/revisions\/1113"}],"wp:attachment":[{"href":"https:\/\/perkinelmer.cz\/index.php?rest_route=%2Fwp%2Fv2%2Fmedia&parent=1004"}],"curies":[{"name":"wp","href":"https:\/\/api.w.org\/{rel}","templated":true}]}}