{"id":1146,"date":"2021-03-19T09:45:26","date_gmt":"2021-03-19T08:45:26","guid":{"rendered":"http:\/\/perkinelmer.cz\/?page_id=1146"},"modified":"2021-03-19T10:28:39","modified_gmt":"2021-03-19T09:28:39","slug":"imaging-systemy","status":"publish","type":"page","link":"https:\/\/perkinelmer.cz\/?page_id=1146","title":{"rendered":"Imaging syst\u00e9my"},"content":{"rendered":"<p>[et_pb_section fb_built=&#8221;1&#8243; _builder_version=&#8221;4.9.0&#8243; _module_preset=&#8221;default&#8221; background_color=&#8221;#f2f2f2&#8243; min_height=&#8221;100px&#8221; height=&#8221;100px&#8221; custom_padding=&#8221;||52px|||&#8221;][et_pb_row _builder_version=&#8221;4.9.0&#8243; _module_preset=&#8221;default&#8221; min_height=&#8221;92px&#8221; custom_margin=&#8221;-38px||||false|false&#8221;][et_pb_column type=&#8221;4_4&#8243; _builder_version=&#8221;4.9.0&#8243; _module_preset=&#8221;default&#8221;][et_pb_text _builder_version=&#8221;4.9.0&#8243; _module_preset=&#8221;default&#8221; min_height=&#8221;10px&#8221; custom_padding__hover_enabled=&#8221;on|desktop&#8221;]<\/p>\n<h1>In-vivo imaging<\/h1>\n<p>[\/et_pb_text][\/et_pb_column][\/et_pb_row][\/et_pb_section][et_pb_section fb_built=&#8221;1&#8243; _builder_version=&#8221;4.9.0&#8243; _module_preset=&#8221;default&#8221;][et_pb_row column_structure=&#8221;1_3,1_3,1_3&#8243; _builder_version=&#8221;4.9.0&#8243; _module_preset=&#8221;default&#8221;][et_pb_column type=&#8221;1_3&#8243; _builder_version=&#8221;4.9.0&#8243; _module_preset=&#8221;default&#8221;][et_pb_blurb title=&#8221;IVIS Lumina S5 a X5&#8243; image=&#8221;http:\/\/perkinelmer.cz\/wp-content\/uploads\/2021\/03\/IVIS-LuminaHT_700-px-1.png&#8221; _builder_version=&#8221;4.9.0&#8243; _module_preset=&#8221;default&#8221; link_option_url=&#8221;https:\/\/www.perkinelmer.com\/category\/in-vivo-imaging-instruments&#8221;]<\/p>\n<div class=\"page\" title=\"Page 1\">\n<div class=\"section\">\n<div class=\"layoutArea\">\n<div class=\"column\">\n<p>Vysoce citliv\u00e9 2D optick\u00e9 zobrazov\u00e1n\u00ed (bioluminiscence a fluorescence).<br \/> N\u00edzk\u00e9 d\u00e1vky rentgenov\u00e9ho z\u00e1\u0159en\u00ed s vysok\u00fdm rozli\u0161en\u00edm a optick\u00fdm zobrazen\u00edm (pouze IVIS Lumina X5).<br \/> Vysok\u00e1 kapacita s FOV 20 x 20 \u00a0pro sou\u010dasn\u00e9 zobrazen\u00ed 5 my\u0161\u00ed.<\/p>\n<\/div>\n<\/div>\n<\/div>\n<\/div>\n<p>[\/et_pb_blurb][\/et_pb_column][et_pb_column type=&#8221;1_3&#8243; _builder_version=&#8221;4.9.0&#8243; _module_preset=&#8221;default&#8221;][et_pb_blurb title=&#8221;IVIS Lumina III Series&#8221; image=&#8221;http:\/\/perkinelmer.cz\/wp-content\/uploads\/2021\/03\/IVIS_Lumina_ImageA.jpg&#8221; _builder_version=&#8221;4.9.0&#8243; _module_preset=&#8221;default&#8221; link_option_url=&#8221;https:\/\/www.perkinelmer.com\/category\/in-vivo-imaging-instruments&#8221;]<\/p>\n<p>2D optick\u00e9 zobrazen\u00ed (bioluminiscence a fluorescence). Rentgenov\u00e9 zobrazen\u00ed ve variant\u011b Lumina XRMS. Kapacita pro 3 my\u0161i. Kompaktn\u00ed stopln\u00ed konstrukce. K dispozici ve 3 r\u016fzn\u00fdch konfigurac\u00edch.<\/p>\n<p>&nbsp;<\/p>\n<p>&nbsp;<\/p>\n<p>[\/et_pb_blurb][\/et_pb_column][et_pb_column type=&#8221;1_3&#8243; _builder_version=&#8221;4.9.0&#8243; _module_preset=&#8221;default&#8221;][et_pb_blurb title=&#8221;IVIS Spectrum Series&#8221; url=&#8221;https:\/\/www.perkinelmer.com\/category\/in-vivo-imaging-instruments&#8221; image=&#8221;http:\/\/perkinelmer.cz\/wp-content\/uploads\/2021\/03\/IVIS-SpectrumCT-Hero.jpg&#8221; _builder_version=&#8221;4.9.0&#8243; _module_preset=&#8221;default&#8221; link_option_url=&#8221;https:\/\/www.perkinelmer.com\/product\/nexion-1000-icp-ms-n8150048&#8243;]<\/p>\n<p>2D optick\u00e9 zobrazen\u00ed (bioluminiscence a fluorescence). 3D optick\u00e1 tomografie pro bioluminiscenci a fluorescenci. SpectrumCT zahrnuje ultrarychl\u00fd re\u017eim mikroCT. Sou\u010dasn\u00e9 zobrazen\u00ed 5 my\u0161\u00ed s mo\u017enost\u00ed roz\u0161\u00ed\u0159en\u00ed na 10. K dispozici ve 3 konfigurac\u00edch.\u00a0<\/p>\n<p>[\/et_pb_blurb][\/et_pb_column][\/et_pb_row][\/et_pb_section][et_pb_section fb_built=&#8221;1&#8243; _builder_version=&#8221;4.9.0&#8243; _module_preset=&#8221;default&#8221; background_color=&#8221;#f2f2f2&#8243; min_height=&#8221;100px&#8221; height=&#8221;100px&#8221;][et_pb_row _builder_version=&#8221;4.9.0&#8243; _module_preset=&#8221;default&#8221; min_height=&#8221;92px&#8221; custom_margin=&#8221;-38px||||false|false&#8221;][et_pb_column type=&#8221;4_4&#8243; _builder_version=&#8221;4.9.0&#8243; _module_preset=&#8221;default&#8221;][et_pb_text _builder_version=&#8221;4.9.0&#8243; _module_preset=&#8221;default&#8221; min_height=&#8221;10px&#8221; custom_padding__hover_enabled=&#8221;on|desktop&#8221;]<\/p>\n<h1>High content screening<\/h1>\n<p>[\/et_pb_text][\/et_pb_column][\/et_pb_row][\/et_pb_section][et_pb_section fb_built=&#8221;1&#8243; _builder_version=&#8221;4.9.0&#8243; _module_preset=&#8221;default&#8221;][et_pb_row column_structure=&#8221;1_3,1_3,1_3&#8243; _builder_version=&#8221;4.9.0&#8243; _module_preset=&#8221;default&#8221;][et_pb_column type=&#8221;1_3&#8243; _builder_version=&#8221;4.9.0&#8243; _module_preset=&#8221;default&#8221;][et_pb_blurb title=&#8221;Opera Phenix Plus HCS Systems&#8221; image=&#8221;http:\/\/perkinelmer.cz\/wp-content\/uploads\/2021\/03\/OperaPhenixPlus700x700.jpg&#8221; _builder_version=&#8221;4.9.0&#8243; _module_preset=&#8221;default&#8221; hover_enabled=&#8221;0&#8243; sticky_enabled=&#8221;0&#8243; link_option_url=&#8221;https:\/\/www.perkinelmer.com\/product\/opera-phenix-plus-system-hh14001000&#8243; title_text=&#8221;OperaPhenixPlus700x700&#8243;]<\/p>\n<p>Your content goes here. Edit or remove this text inline or in the module Content settings. You can also style every aspect of this content in the module Design settings and even apply custom CSS to this text in the module Advanced settings.<\/p>\n<p>[\/et_pb_blurb][\/et_pb_column][et_pb_column type=&#8221;1_3&#8243; _builder_version=&#8221;4.9.0&#8243; _module_preset=&#8221;default&#8221;][et_pb_blurb title=&#8221;Operetta CLS High Content Analysis System&#8221; image=&#8221;http:\/\/perkinelmer.cz\/wp-content\/uploads\/2021\/03\/1000x1000_Operetta.jpg&#8221; _builder_version=&#8221;4.9.0&#8243; _module_preset=&#8221;default&#8221; link_option_url=&#8221;https:\/\/www.perkinelmer.com\/product\/operetta-cls-system-hh16000000&#8243; title_text=&#8221;1000x1000_Operetta&#8221; hover_enabled=&#8221;0&#8243; sticky_enabled=&#8221;0&#8243;]<\/p>\n<p>Your content goes here. Edit or remove this text inline or in the module Content settings. You can also style every aspect of this content in the module Design settings and even apply custom CSS to this text in the module Advanced settings.<\/p>\n<p>[\/et_pb_blurb][\/et_pb_column][et_pb_column type=&#8221;1_3&#8243; _builder_version=&#8221;4.9.0&#8243; _module_preset=&#8221;default&#8221;][\/et_pb_column][\/et_pb_row][\/et_pb_section][et_pb_section fb_built=&#8221;1&#8243; _builder_version=&#8221;4.9.0&#8243; _module_preset=&#8221;default&#8221; background_color=&#8221;#f2f2f2&#8243; min_height=&#8221;100px&#8221; height=&#8221;100px&#8221;][et_pb_row _builder_version=&#8221;4.9.0&#8243; _module_preset=&#8221;default&#8221; min_height=&#8221;92px&#8221; custom_margin=&#8221;-38px||||false|false&#8221;][et_pb_column type=&#8221;4_4&#8243; _builder_version=&#8221;4.9.0&#8243; _module_preset=&#8221;default&#8221;][et_pb_text _builder_version=&#8221;4.9.0&#8243; _module_preset=&#8221;default&#8221; min_height=&#8221;10px&#8221; custom_padding__hover_enabled=&#8221;on|desktop&#8221;]<\/p>\n<h1>Live-cell imaging<\/h1>\n<p>[\/et_pb_text][\/et_pb_column][\/et_pb_row][\/et_pb_section][et_pb_section fb_built=&#8221;1&#8243; _builder_version=&#8221;4.9.0&#8243; _module_preset=&#8221;default&#8221;][et_pb_row column_structure=&#8221;1_3,1_3,1_3&#8243; _builder_version=&#8221;4.9.0&#8243; _module_preset=&#8221;default&#8221;][et_pb_column type=&#8221;1_3&#8243; _builder_version=&#8221;4.9.0&#8243; _module_preset=&#8221;default&#8221;][et_pb_blurb title=&#8221;MuviCyte Live-Cell Imaging System&#8221; image=&#8221;http:\/\/perkinelmer.cz\/wp-content\/uploads\/2021\/03\/MuviCyte_Live_Cell_Imaging_System_700x700.png&#8221; _builder_version=&#8221;4.9.0&#8243; _module_preset=&#8221;default&#8221; hover_enabled=&#8221;0&#8243; sticky_enabled=&#8221;0&#8243; link_option_url=&#8221;https:\/\/www.perkinelmer.com\/product\/muvicyte-live-cell-imaging-kit-hh40000000&#8243; title_text=&#8221;MuviCyte_Live_Cell_Imaging_System_700x700&#8243;]<\/p>\n<p>Your content goes here. Edit or remove this text inline or in the module Content settings. You can also style every aspect of this content in the module Design settings and even apply custom CSS to this text in the module Advanced settings.<\/p>\n<p>[\/et_pb_blurb][\/et_pb_column][et_pb_column type=&#8221;1_3&#8243; _builder_version=&#8221;4.9.0&#8243; _module_preset=&#8221;default&#8221;][\/et_pb_column][et_pb_column type=&#8221;1_3&#8243; _builder_version=&#8221;4.9.0&#8243; _module_preset=&#8221;default&#8221;][\/et_pb_column][\/et_pb_row][\/et_pb_section][et_pb_section fb_built=&#8221;1&#8243; _builder_version=&#8221;4.9.0&#8243; _module_preset=&#8221;default&#8221;][\/et_pb_section]<\/p>\n","protected":false},"excerpt":{"rendered":"<p>[et_pb_section fb_built=&#8221;1&#8243; _builder_version=&#8221;4.9.0&#8243; _module_preset=&#8221;default&#8221; background_color=&#8221;#f2f2f2&#8243; min_height=&#8221;100px&#8221; height=&#8221;100px&#8221; custom_padding=&#8221;||52px|||&#8221;][et_pb_row _builder_version=&#8221;4.9.0&#8243; _module_preset=&#8221;default&#8221; min_height=&#8221;92px&#8221; custom_margin=&#8221;-38px||||false|false&#8221;][et_pb_column type=&#8221;4_4&#8243; _builder_version=&#8221;4.9.0&#8243; _module_preset=&#8221;default&#8221;][et_pb_text _builder_version=&#8221;4.9.0&#8243; _module_preset=&#8221;default&#8221; min_height=&#8221;10px&#8221; custom_padding__hover_enabled=&#8221;on|desktop&#8221;] In-vivo imaging [\/et_pb_text][\/et_pb_column][\/et_pb_row][\/et_pb_section][et_pb_section fb_built=&#8221;1&#8243; _builder_version=&#8221;4.9.0&#8243; _module_preset=&#8221;default&#8221;][et_pb_row column_structure=&#8221;1_3,1_3,1_3&#8243; _builder_version=&#8221;4.9.0&#8243; _module_preset=&#8221;default&#8221;][et_pb_column type=&#8221;1_3&#8243; _builder_version=&#8221;4.9.0&#8243; _module_preset=&#8221;default&#8221;][et_pb_blurb title=&#8221;IVIS Lumina S5 a X5&#8243; image=&#8221;http:\/\/perkinelmer.cz\/wp-content\/uploads\/2021\/03\/IVIS-LuminaHT_700-px-1.png&#8221; _builder_version=&#8221;4.9.0&#8243; _module_preset=&#8221;default&#8221; link_option_url=&#8221;https:\/\/www.perkinelmer.com\/category\/in-vivo-imaging-instruments&#8221;] Vysoce citliv\u00e9 2D optick\u00e9 zobrazov\u00e1n\u00ed (bioluminiscence a fluorescence). N\u00edzk\u00e9 d\u00e1vky rentgenov\u00e9ho z\u00e1\u0159en\u00ed s vysok\u00fdm rozli\u0161en\u00edm [&hellip;]<\/p>\n","protected":false},"author":1,"featured_media":0,"parent":0,"menu_order":0,"comment_status":"closed","ping_status":"closed","template":"","meta":{"_et_pb_use_builder":"on","_et_pb_old_content":"","_et_gb_content_width":"","footnotes":""},"class_list":["post-1146","page","type-page","status-publish","hentry"],"_links":{"self":[{"href":"https:\/\/perkinelmer.cz\/index.php?rest_route=\/wp\/v2\/pages\/1146","targetHints":{"allow":["GET"]}}],"collection":[{"href":"https:\/\/perkinelmer.cz\/index.php?rest_route=\/wp\/v2\/pages"}],"about":[{"href":"https:\/\/perkinelmer.cz\/index.php?rest_route=\/wp\/v2\/types\/page"}],"author":[{"embeddable":true,"href":"https:\/\/perkinelmer.cz\/index.php?rest_route=\/wp\/v2\/users\/1"}],"replies":[{"embeddable":true,"href":"https:\/\/perkinelmer.cz\/index.php?rest_route=%2Fwp%2Fv2%2Fcomments&post=1146"}],"version-history":[{"count":6,"href":"https:\/\/perkinelmer.cz\/index.php?rest_route=\/wp\/v2\/pages\/1146\/revisions"}],"predecessor-version":[{"id":1163,"href":"https:\/\/perkinelmer.cz\/index.php?rest_route=\/wp\/v2\/pages\/1146\/revisions\/1163"}],"wp:attachment":[{"href":"https:\/\/perkinelmer.cz\/index.php?rest_route=%2Fwp%2Fv2%2Fmedia&parent=1146"}],"curies":[{"name":"wp","href":"https:\/\/api.w.org\/{rel}","templated":true}]}}