{"id":906,"date":"2021-03-09T10:27:35","date_gmt":"2021-03-09T09:27:35","guid":{"rendered":"http:\/\/perkinelmer.cz\/?page_id=906"},"modified":"2021-03-20T11:36:02","modified_gmt":"2021-03-20T10:36:02","slug":"analyticke-pristroje","status":"publish","type":"page","link":"https:\/\/perkinelmer.cz\/?page_id=906","title":{"rendered":"Analytick\u00e9 p\u0159\u00edstroje"},"content":{"rendered":"<p>[et_pb_section fb_built=&#8221;1&#8243; _builder_version=&#8221;4.9.0&#8243; _module_preset=&#8221;default&#8221; background_color=&#8221;#f2f2f2&#8243; min_height=&#8221;100px&#8221; height=&#8221;100px&#8221; custom_padding=&#8221;||1px|||&#8221;][et_pb_row _builder_version=&#8221;4.9.0&#8243; _module_preset=&#8221;default&#8221;][et_pb_column type=&#8221;4_4&#8243; _builder_version=&#8221;4.9.0&#8243; _module_preset=&#8221;default&#8221;][et_pb_text _builder_version=&#8221;4.9.0&#8243; _module_preset=&#8221;default&#8221; custom_margin=&#8221;-42px||||false|false&#8221;]<\/p>\n<h1>Analytick\u00e9 p\u0159\u00edstroje<\/h1>\n<p>[\/et_pb_text][\/et_pb_column][\/et_pb_row][\/et_pb_section][et_pb_section fb_built=&#8221;1&#8243; _builder_version=&#8221;4.9.0&#8243; _module_preset=&#8221;default&#8221;][et_pb_row column_structure=&#8221;1_2,1_2&#8243; _builder_version=&#8221;4.9.0&#8243; _module_preset=&#8221;default&#8221; link_option_url=&#8221;https:\/\/perkinelmer.cz\/?page_id=927&#8243;][et_pb_column type=&#8221;1_2&#8243; _builder_version=&#8221;4.9.0&#8243; _module_preset=&#8221;default&#8221;][et_pb_image src=&#8221;http:\/\/perkinelmer.cz\/wp-content\/uploads\/2021\/03\/Avio-550-Max-ICP-OES-Front-Elevated-1000&#215;1000-1.jpg&#8221; title_text=&#8221;Avio-550-Max-ICP-OES-Front-Elevated-1000&#215;1000&#8243; _builder_version=&#8221;4.9.0&#8243; _module_preset=&#8221;default&#8221;][\/et_pb_image][\/et_pb_column][et_pb_column type=&#8221;1_2&#8243; _builder_version=&#8221;4.9.0&#8243; _module_preset=&#8221;default&#8221;][et_pb_text _builder_version=&#8221;4.9.0&#8243; _module_preset=&#8221;default&#8221;]<\/p>\n<h1>Anorganick\u00e1 anal\u00fdza<\/h1>\n<p>[\/et_pb_text][et_pb_divider divider_weight=&#8221;2px&#8221; _builder_version=&#8221;4.9.0&#8243; _module_preset=&#8221;default&#8221; width=&#8221;18%&#8221; min_height=&#8221;19px&#8221; custom_margin=&#8221;-23px||0px||false|false&#8221; custom_padding=&#8221;0px||||false|false&#8221; hover_enabled=&#8221;0&#8243; color=&#8221;#0192c6&#8243; sticky_enabled=&#8221;0&#8243;][\/et_pb_divider][et_pb_text _builder_version=&#8221;4.9.0&#8243; _module_preset=&#8221;default&#8221;]<\/p>\n<p><span>A\u0165 u\u017e pot\u0159ebujete AAS, ICP-OES, ICP-MS nebo v\u0161echny t\u0159i techniky \u2013 m\u016f\u017eete se na n\u00e1s spolehnout, \u017ee v\u00e1m pom\u016f\u017eeme s v\u00fdb\u011brem spr\u00e1vn\u00e9ho p\u0159\u00edstroje, p\u0159\u00edslu\u0161enstv\u00ed a spot\u0159ebn\u00edho materi\u00e1lu.<\/span><\/p>\n<p><a href=\"http:\/\/pesystems.cz\/wp-content\/uploads\/2013\/03\/44-127949Atomic-Spec-Family-Banner.gif\"><br \/><\/a><span>Jednotliv\u00e9 techniky:<\/span><\/p>\n<p>&#8211; ICP-MS spektrometry<span><\/span><\/p>\n<p>&#8211; ICP-OES spektrometry<\/p>\n<p>&#8211; atomov\u00e9 absorp\u010dn\u00ed spektrometry AAS<\/p>\n<p>&#8211; mikrovlnn\u00e1 mineralizace<\/p>\n<p><span><\/span><\/p>\n<p>[\/et_pb_text][\/et_pb_column][\/et_pb_row][et_pb_row column_structure=&#8221;1_2,1_2&#8243; _builder_version=&#8221;4.9.0&#8243; _module_preset=&#8221;default&#8221; link_option_url=&#8221;https:\/\/perkinelmer.cz\/?page_id=1000&#8243; hover_enabled=&#8221;0&#8243; sticky_enabled=&#8221;0&#8243;][et_pb_column type=&#8221;1_2&#8243; _builder_version=&#8221;4.9.0&#8243; _module_preset=&#8221;default&#8221;][et_pb_image src=&#8221;http:\/\/perkinelmer.cz\/wp-content\/uploads\/2021\/03\/143075_LC300-ExternalOven-and-detectors_700x700.jpg&#8221; title_text=&#8221;143075_LC300-ExternalOven-and-detectors_700x700&#8243; _builder_version=&#8221;4.9.0&#8243; _module_preset=&#8221;default&#8221;][\/et_pb_image][\/et_pb_column][et_pb_column type=&#8221;1_2&#8243; _builder_version=&#8221;4.9.0&#8243; _module_preset=&#8221;default&#8221;][et_pb_text _builder_version=&#8221;4.9.0&#8243; _module_preset=&#8221;default&#8221;]<\/p>\n<h1>Chromatografie<\/h1>\n<p>[\/et_pb_text][et_pb_divider divider_weight=&#8221;2px&#8221; _builder_version=&#8221;4.9.0&#8243; _module_preset=&#8221;default&#8221; width=&#8221;18%&#8221; min_height=&#8221;19px&#8221; custom_margin=&#8221;-23px||0px||false|false&#8221; custom_padding=&#8221;0px||||false|false&#8221; color=&#8221;#0192c6&#8243;][\/et_pb_divider][et_pb_text _builder_version=&#8221;4.9.0&#8243; _module_preset=&#8221;default&#8221;]<\/p>\n<p>Na\u0161e r\u016fznorod\u00e9 portfolio zahrnuje techniky pro kapalinovou chromatografii (LC), kapalinovou chromatografii \/ hmotnostn\u00ed spektrometrii (LC \/ MS), plynovou chromatografii (GC a GC \/ MS) a p\u0159\u00edstroje Arnel GC. Nav\u00edc nab\u00edz\u00edme nejkomplexn\u011bj\u0161\u00ed sadu technologi\u00ed pro p\u0159\u00edpravu vzork\u016f, kter\u00e1 zahrnuje \u0159adu automatick\u00fdch d\u00e1vkova\u010d\u016f, syst\u00e9my pro p\u0159\u00edpravu GC vzork\u016f Headspace (HS) a Thermal Desorption (TD), mo\u017enosti vst\u0159ikov\u00e1n\u00ed kapalin a mikroextrakce v pevn\u00e9 f\u00e1zi (SPME) a \u200b\u200bdal\u0161\u00ed .<\/p>\n<p>Techniky:<\/p>\n<p>&#8211; kapalinov\u00e1 chromatografie LC a LC\/MS<\/p>\n<p>&#8211; ply<span>nov\u00e1 chromatografie GC a GC\/MS<\/span><\/p>\n<p><span>&#8211; mobiln\u00ed GC\/MS\u00a0<\/span><\/p>\n<p><span>&#8211; headspace a termick\u00e1 desorpce<\/span><\/p>\n<p>[\/et_pb_text][\/et_pb_column][\/et_pb_row][et_pb_row column_structure=&#8221;1_2,1_2&#8243; _builder_version=&#8221;4.9.0&#8243; _module_preset=&#8221;default&#8221; link_option_url=&#8221;https:\/\/perkinelmer.cz\/?page_id=1002&#8243;][et_pb_column type=&#8221;1_2&#8243; _builder_version=&#8221;4.9.0&#8243; _module_preset=&#8221;default&#8221;][et_pb_image src=&#8221;http:\/\/perkinelmer.cz\/wp-content\/uploads\/2021\/03\/SpectrumTwo_700x700.png&#8221; title_text=&#8221;SpectrumTwo_700x700&#8243; _builder_version=&#8221;4.9.0&#8243; _module_preset=&#8221;default&#8221;][\/et_pb_image][\/et_pb_column][et_pb_column type=&#8221;1_2&#8243; _builder_version=&#8221;4.9.0&#8243; _module_preset=&#8221;default&#8221;][et_pb_text _builder_version=&#8221;4.9.0&#8243; _module_preset=&#8221;default&#8221;]<\/p>\n<h1>Molekul\u00e1rn\u00ed spektrometrie<\/h1>\n<p>[\/et_pb_text][et_pb_divider divider_weight=&#8221;2px&#8221; _builder_version=&#8221;4.9.0&#8243; _module_preset=&#8221;default&#8221; width=&#8221;18%&#8221; min_height=&#8221;19px&#8221; custom_margin=&#8221;-23px||0px||false|false&#8221; custom_padding=&#8221;0px||||false|false&#8221; color=&#8221;#0192c6&#8243;][\/et_pb_divider][et_pb_text _builder_version=&#8221;4.9.0&#8243; _module_preset=&#8221;default&#8221;]<\/p>\n<p>\u0160irok\u00e1 \u0161k\u00e1la p\u0159\u00edstroj\u016f a p\u0159\u00edslu\u0161enstv\u00ed pro charakterizaci materi\u00e1l\u016f pomoc\u00ed technik molekul\u00e1rn\u00ed spektrometrie.<\/p>\n<p>Techniky:<\/p>\n<p>&#8211; UV\/VIS a UV\/VIS\/NIR spektrometrie<\/p>\n<p>&#8211; infra\u010derven\u00e9 spektrometry a mikroskopy FTIR<\/p>\n<p>&#8211; fluorescen\u010dn\u00ed spektrometrie<\/p>\n<p>&nbsp;<\/p>\n<p>[\/et_pb_text][\/et_pb_column][\/et_pb_row][et_pb_row column_structure=&#8221;1_2,1_2&#8243; _builder_version=&#8221;4.9.0&#8243; _module_preset=&#8221;default&#8221; link_option_url=&#8221;https:\/\/perkinelmer.cz\/?page_id=1004&#8243;][et_pb_column type=&#8221;1_2&#8243; _builder_version=&#8221;4.9.0&#8243; _module_preset=&#8221;default&#8221;][et_pb_image src=&#8221;http:\/\/perkinelmer.cz\/wp-content\/uploads\/2021\/03\/DSC-8500.jpg&#8221; title_text=&#8221;DSC 8500&#8243; _builder_version=&#8221;4.9.0&#8243; _module_preset=&#8221;default&#8221;][\/et_pb_image][\/et_pb_column][et_pb_column type=&#8221;1_2&#8243; _builder_version=&#8221;4.9.0&#8243; _module_preset=&#8221;default&#8221;][et_pb_text _builder_version=&#8221;4.9.0&#8243; _module_preset=&#8221;default&#8221;]<\/p>\n<h1>Termick\u00e1 a element\u00e1rn\u00ed anal\u00fdza<\/h1>\n<p>[\/et_pb_text][et_pb_divider divider_weight=&#8221;2px&#8221; _builder_version=&#8221;4.9.0&#8243; _module_preset=&#8221;default&#8221; width=&#8221;18%&#8221; min_height=&#8221;19px&#8221; custom_margin=&#8221;-23px||0px||false|false&#8221; custom_padding=&#8221;0px||||false|false&#8221; color=&#8221;#0192c6&#8243;][\/et_pb_divider][et_pb_text _builder_version=&#8221;4.9.0&#8243; _module_preset=&#8221;default&#8221;]<\/p>\n<p>\u0160irok\u00e1 \u0161k\u00e1la p\u0159\u00edstroj\u016f a p\u0159\u00edslu\u0161enstv\u00ed pro charakterizaci materi\u00e1l\u016f pomoc\u00ed technik termick\u00e9 anal\u00fdzy a element\u00e1rn\u00ed anal\u00fdzy.<\/p>\n<p>Techniky:<\/p>\n<p>&#8211; DSC kalorimetrie<\/p>\n<p>&#8211; termogravimetrick\u00e1 anal\u00fdza TGA<\/p>\n<p>&#8211; simult\u00e1nn\u00ed termick\u00e1 anal\u00fdza STA<\/p>\n<p>&#8211; dynamicko-mechnick\u00e1 anal\u00fdza DMA a TMA<\/p>\n<p>&#8211; kombinovan\u00e9 techniky TG-IR, TG-MS, TG-GC\/MS atd.<\/p>\n<p>&#8211; element\u00e1rn\u00ed anal\u00fdza CHNS\/O<\/p>\n<p>[\/et_pb_text][\/et_pb_column][\/et_pb_row][\/et_pb_section]<\/p>\n","protected":false},"excerpt":{"rendered":"<p>[et_pb_section fb_built=&#8221;1&#8243; _builder_version=&#8221;4.9.0&#8243; _module_preset=&#8221;default&#8221; background_color=&#8221;#f2f2f2&#8243; min_height=&#8221;100px&#8221; height=&#8221;100px&#8221; custom_padding=&#8221;||1px|||&#8221;][et_pb_row _builder_version=&#8221;4.9.0&#8243; _module_preset=&#8221;default&#8221;][et_pb_column type=&#8221;4_4&#8243; _builder_version=&#8221;4.9.0&#8243; _module_preset=&#8221;default&#8221;][et_pb_text _builder_version=&#8221;4.9.0&#8243; _module_preset=&#8221;default&#8221; custom_margin=&#8221;-42px||||false|false&#8221;] Analytick\u00e9 p\u0159\u00edstroje [\/et_pb_text][\/et_pb_column][\/et_pb_row][\/et_pb_section][et_pb_section fb_built=&#8221;1&#8243; _builder_version=&#8221;4.9.0&#8243; _module_preset=&#8221;default&#8221;][et_pb_row column_structure=&#8221;1_2,1_2&#8243; _builder_version=&#8221;4.9.0&#8243; _module_preset=&#8221;default&#8221; link_option_url=&#8221;https:\/\/perkinelmer.cz\/?page_id=927&#8243;][et_pb_column type=&#8221;1_2&#8243; _builder_version=&#8221;4.9.0&#8243; _module_preset=&#8221;default&#8221;][et_pb_image src=&#8221;http:\/\/perkinelmer.cz\/wp-content\/uploads\/2021\/03\/Avio-550-Max-ICP-OES-Front-Elevated-1000&#215;1000-1.jpg&#8221; title_text=&#8221;Avio-550-Max-ICP-OES-Front-Elevated-1000&#215;1000&#8243; _builder_version=&#8221;4.9.0&#8243; _module_preset=&#8221;default&#8221;][\/et_pb_image][\/et_pb_column][et_pb_column type=&#8221;1_2&#8243; _builder_version=&#8221;4.9.0&#8243; _module_preset=&#8221;default&#8221;][et_pb_text _builder_version=&#8221;4.9.0&#8243; _module_preset=&#8221;default&#8221;] Anorganick\u00e1 anal\u00fdza [\/et_pb_text][et_pb_divider divider_weight=&#8221;2px&#8221; _builder_version=&#8221;4.9.0&#8243; _module_preset=&#8221;default&#8221; width=&#8221;18%&#8221; min_height=&#8221;19px&#8221; custom_margin=&#8221;-23px||0px||false|false&#8221; custom_padding=&#8221;0px||||false|false&#8221; hover_enabled=&#8221;0&#8243; color=&#8221;#0192c6&#8243; sticky_enabled=&#8221;0&#8243;][\/et_pb_divider][et_pb_text _builder_version=&#8221;4.9.0&#8243; _module_preset=&#8221;default&#8221;] A\u0165 u\u017e [&hellip;]<\/p>\n","protected":false},"author":1,"featured_media":0,"parent":0,"menu_order":0,"comment_status":"closed","ping_status":"closed","template":"","meta":{"_et_pb_use_builder":"on","_et_pb_old_content":"<!-- wp:divi\/placeholder \/-->","_et_gb_content_width":"","footnotes":""},"class_list":["post-906","page","type-page","status-publish","hentry"],"_links":{"self":[{"href":"https:\/\/perkinelmer.cz\/index.php?rest_route=\/wp\/v2\/pages\/906","targetHints":{"allow":["GET"]}}],"collection":[{"href":"https:\/\/perkinelmer.cz\/index.php?rest_route=\/wp\/v2\/pages"}],"about":[{"href":"https:\/\/perkinelmer.cz\/index.php?rest_route=\/wp\/v2\/types\/page"}],"author":[{"embeddable":true,"href":"https:\/\/perkinelmer.cz\/index.php?rest_route=\/wp\/v2\/users\/1"}],"replies":[{"embeddable":true,"href":"https:\/\/perkinelmer.cz\/index.php?rest_route=%2Fwp%2Fv2%2Fcomments&post=906"}],"version-history":[{"count":15,"href":"https:\/\/perkinelmer.cz\/index.php?rest_route=\/wp\/v2\/pages\/906\/revisions"}],"predecessor-version":[{"id":1256,"href":"https:\/\/perkinelmer.cz\/index.php?rest_route=\/wp\/v2\/pages\/906\/revisions\/1256"}],"wp:attachment":[{"href":"https:\/\/perkinelmer.cz\/index.php?rest_route=%2Fwp%2Fv2%2Fmedia&parent=906"}],"curies":[{"name":"wp","href":"https:\/\/api.w.org\/{rel}","templated":true}]}}