{"id":908,"date":"2021-03-09T10:27:56","date_gmt":"2021-03-09T09:27:56","guid":{"rendered":"http:\/\/perkinelmer.cz\/?page_id=908"},"modified":"2021-03-20T11:37:40","modified_gmt":"2021-03-20T10:37:40","slug":"life-sciences","status":"publish","type":"page","link":"https:\/\/perkinelmer.cz\/?page_id=908","title":{"rendered":"Life Sciences"},"content":{"rendered":"<p>[et_pb_section fb_built=&#8221;1&#8243; _builder_version=&#8221;4.9.0&#8243; _module_preset=&#8221;default&#8221; background_color=&#8221;#f2f2f2&#8243; min_height=&#8221;100px&#8221; height=&#8221;100px&#8221; custom_padding=&#8221;||1px|||&#8221;][et_pb_row _builder_version=&#8221;4.9.0&#8243; _module_preset=&#8221;default&#8221;][et_pb_column type=&#8221;4_4&#8243; _builder_version=&#8221;4.9.0&#8243; _module_preset=&#8221;default&#8221;][et_pb_text _builder_version=&#8221;4.9.0&#8243; _module_preset=&#8221;default&#8221; custom_margin=&#8221;-42px||||false|false&#8221;]<\/p>\n<h1>P\u0159\u00edstroje pro bio-medic\u00ednu<\/h1>\n<p>[\/et_pb_text][\/et_pb_column][\/et_pb_row][\/et_pb_section][et_pb_section fb_built=&#8221;1&#8243; _builder_version=&#8221;4.9.0&#8243; _module_preset=&#8221;default&#8221;][et_pb_row column_structure=&#8221;1_2,1_2&#8243; _builder_version=&#8221;4.9.0&#8243; _module_preset=&#8221;default&#8221; link_option_url=&#8221;https:\/\/perkinelmer.cz\/?page_id=1146&#8243; divider_weight=&#8221;2px&#8221; color=&#8221;#0192c6&#8243;][et_pb_column type=&#8221;1_2&#8243; _builder_version=&#8221;4.9.0&#8243; _module_preset=&#8221;default&#8221;][et_pb_image src=&#8221;http:\/\/perkinelmer.cz\/wp-content\/uploads\/2021\/03\/IVIS-LuminaHT_700-px.png&#8221; title_text=&#8221;IVIS-LuminaHT_700-px&#8221; _builder_version=&#8221;4.9.0&#8243; _module_preset=&#8221;default&#8221;][\/et_pb_image][\/et_pb_column][et_pb_column type=&#8221;1_2&#8243; _builder_version=&#8221;4.9.0&#8243; _module_preset=&#8221;default&#8221;][et_pb_text _builder_version=&#8221;4.9.0&#8243; _module_preset=&#8221;default&#8221;]<\/p>\n<h1>Imaging syst\u00e9my<\/h1>\n<p>[\/et_pb_text][et_pb_divider divider_weight=&#8221;2px&#8221; _builder_version=&#8221;4.9.0&#8243; _module_preset=&#8221;default&#8221; width=&#8221;18%&#8221; min_height=&#8221;19px&#8221; custom_margin=&#8221;-23px||0px||false|false&#8221; custom_padding=&#8221;0px||||false|false&#8221; color=&#8221;#0192c6&#8243;][\/et_pb_divider][et_pb_text _builder_version=&#8221;4.9.0&#8243; _module_preset=&#8221;default&#8221;]<\/p>\n<p><span>V t\u00e9to kategorii najdete \u0161irok\u00e9 portfolio zobrazovac\u00edch technik zam\u011b\u0159en\u00fdch na bio-med\u00ednsk\u00fd imaging \u017eiv\u00fdch bun\u011bk, velkokapacitn\u00ed High Content Screening a na mal\u00e1 laboratorn\u00ed zv\u00ed\u0159ata.<\/span><\/p>\n<p><a href=\"http:\/\/pesystems.cz\/wp-content\/uploads\/2013\/03\/44-127949Atomic-Spec-Family-Banner.gif\"><br \/> <\/a><span>Jednotliv\u00e9 techniky:<\/span><\/p>\n<p>&#8211; Live cell imaging<span><\/span><\/p>\n<p>&#8211; High content screening<\/p>\n<p>&#8211; In-vivo imaging<\/p>\n<p>&nbsp;<\/p>\n<p><span><\/span><\/p>\n<p>[\/et_pb_text][\/et_pb_column][\/et_pb_row][et_pb_row column_structure=&#8221;1_2,1_2&#8243; _builder_version=&#8221;4.9.0&#8243; _module_preset=&#8221;default&#8221; link_option_url=&#8221;https:\/\/perkinelmer.cz\/?page_id=1169&#8243;][et_pb_column type=&#8221;1_2&#8243; _builder_version=&#8221;4.9.0&#8243; _module_preset=&#8221;default&#8221;][et_pb_image src=&#8221;http:\/\/perkinelmer.cz\/wp-content\/uploads\/2021\/03\/MicroBeta2_700x700.jpg&#8221; title_text=&#8221;MicroBeta2_700x700&#8243; _builder_version=&#8221;4.9.0&#8243; _module_preset=&#8221;default&#8221;][\/et_pb_image][\/et_pb_column][et_pb_column type=&#8221;1_2&#8243; _builder_version=&#8221;4.9.0&#8243; _module_preset=&#8221;default&#8221;][et_pb_text _builder_version=&#8221;4.9.0&#8243; _module_preset=&#8221;default&#8221;]<\/p>\n<h1>Detek\u010dn\u00ed syst\u00e9my<\/h1>\n<p>[\/et_pb_text][et_pb_divider divider_weight=&#8221;2px&#8221; _builder_version=&#8221;4.9.0&#8243; _module_preset=&#8221;default&#8221; width=&#8221;18%&#8221; min_height=&#8221;19px&#8221; custom_margin=&#8221;-23px||0px||false|false&#8221; custom_padding=&#8221;0px||||false|false&#8221; color=&#8221;#0192c6&#8243;][\/et_pb_divider][et_pb_text _builder_version=&#8221;4.9.0&#8243; _module_preset=&#8221;default&#8221;]<\/p>\n<p>Na\u0161e multimod\u00e1ln\u00ed \u010dte\u010dky mikrodesti\u010dek nab\u00edzej\u00ed v\u0161echny hlavn\u00ed techniky, jako je absorbance, alfa, luminiscence, fluorescen\u010dn\u00ed intenzita, fluorescen\u010dn\u00ed polarizace a \u010dasov\u011b rozli\u0161en\u00e1 fluorescence, v\u0161e v jednom p\u0159\u00edstroji. Stejn\u011b \u0161irok\u00e9 je i portfolio pro radiometrickou detekci beta a gama z\u00e1\u0159en\u00ed.<\/p>\n<p>Techniky:<\/p>\n<p>&#8211; multimod\u00e1ln\u00ed plate readery<\/p>\n<p>&#8211; radiometrick\u00e1 detekce: beta plate readery a scintila\u010dn\u00ed \u010d\u00edta\u010de<\/p>\n<p>[\/et_pb_text][\/et_pb_column][\/et_pb_row][et_pb_row column_structure=&#8221;1_2,1_2&#8243; _builder_version=&#8221;4.9.0&#8243; _module_preset=&#8221;default&#8221; link_option_url=&#8221;https:\/\/perkinelmer.cz\/?page_id=1177&#8243;][et_pb_column type=&#8221;1_2&#8243; _builder_version=&#8221;4.9.0&#8243; _module_preset=&#8221;default&#8221;][et_pb_image src=&#8221;http:\/\/perkinelmer.cz\/wp-content\/uploads\/2021\/03\/Sciclone-G3-NGSx-Workstation.jpg&#8221; title_text=&#8221;Sciclone-G3-NGSx-Workstation&#8221; _builder_version=&#8221;4.9.0&#8243; _module_preset=&#8221;default&#8221;][\/et_pb_image][\/et_pb_column][et_pb_column type=&#8221;1_2&#8243; _builder_version=&#8221;4.9.0&#8243; _module_preset=&#8221;default&#8221;][et_pb_text _builder_version=&#8221;4.9.0&#8243; _module_preset=&#8221;default&#8221;]<\/p>\n<h1>Aplikovan\u00e1 genomika<\/h1>\n<p>[\/et_pb_text][et_pb_divider divider_weight=&#8221;2px&#8221; _builder_version=&#8221;4.9.0&#8243; _module_preset=&#8221;default&#8221; width=&#8221;18%&#8221; min_height=&#8221;19px&#8221; custom_margin=&#8221;-23px||0px||false|false&#8221; custom_padding=&#8221;0px||||false|false&#8221; color=&#8221;#0192c6&#8243;][\/et_pb_divider][et_pb_text _builder_version=&#8221;4.9.0&#8243; _module_preset=&#8221;default&#8221;]<\/p>\n<p>V t\u00e9to produktov\u00e9 \u0159ad\u011b najdete \u0161irok\u00e9 portfolio produkt\u016f od automatick\u00fdch pipetovac\u00edch stanic p\u0159es izolacia anal\u00fdzu DNA\/RNA a protein\u016f a\u017e po p\u0159\u00edpravu NGS knihoven.<\/p>\n<p>Techniky:<\/p>\n<p><span>&#8211; pipetovac\u00ed a robotick\u00e9\u00a0stanic\u0119 pro pr\u00e1ci s kapalinami<\/span><\/p>\n<p><span>&#8211; automatick\u00e1 izolace DNA\/RNA<\/span><\/p>\n<p><span>&#8211; mikrofluidn\u00ed anal\u00fdza DNA\/RNA a protein\u016f<\/span><\/p>\n<p><span>&#8211; NGS\u00a0<\/span>knihovny \u2013 automatizace a kity<\/p>\n<p>[\/et_pb_text][\/et_pb_column][\/et_pb_row][\/et_pb_section]<\/p>\n","protected":false},"excerpt":{"rendered":"<p>[et_pb_section fb_built=&#8221;1&#8243; _builder_version=&#8221;4.9.0&#8243; _module_preset=&#8221;default&#8221; background_color=&#8221;#f2f2f2&#8243; min_height=&#8221;100px&#8221; height=&#8221;100px&#8221; custom_padding=&#8221;||1px|||&#8221;][et_pb_row _builder_version=&#8221;4.9.0&#8243; _module_preset=&#8221;default&#8221;][et_pb_column type=&#8221;4_4&#8243; _builder_version=&#8221;4.9.0&#8243; _module_preset=&#8221;default&#8221;][et_pb_text _builder_version=&#8221;4.9.0&#8243; _module_preset=&#8221;default&#8221; custom_margin=&#8221;-42px||||false|false&#8221;] P\u0159\u00edstroje pro bio-medic\u00ednu [\/et_pb_text][\/et_pb_column][\/et_pb_row][\/et_pb_section][et_pb_section fb_built=&#8221;1&#8243; _builder_version=&#8221;4.9.0&#8243; _module_preset=&#8221;default&#8221;][et_pb_row column_structure=&#8221;1_2,1_2&#8243; _builder_version=&#8221;4.9.0&#8243; _module_preset=&#8221;default&#8221; link_option_url=&#8221;https:\/\/perkinelmer.cz\/?page_id=1146&#8243; divider_weight=&#8221;2px&#8221; color=&#8221;#0192c6&#8243;][et_pb_column type=&#8221;1_2&#8243; _builder_version=&#8221;4.9.0&#8243; _module_preset=&#8221;default&#8221;][et_pb_image src=&#8221;http:\/\/perkinelmer.cz\/wp-content\/uploads\/2021\/03\/IVIS-LuminaHT_700-px.png&#8221; title_text=&#8221;IVIS-LuminaHT_700-px&#8221; _builder_version=&#8221;4.9.0&#8243; _module_preset=&#8221;default&#8221;][\/et_pb_image][\/et_pb_column][et_pb_column type=&#8221;1_2&#8243; _builder_version=&#8221;4.9.0&#8243; _module_preset=&#8221;default&#8221;][et_pb_text _builder_version=&#8221;4.9.0&#8243; _module_preset=&#8221;default&#8221;] Imaging syst\u00e9my [\/et_pb_text][et_pb_divider divider_weight=&#8221;2px&#8221; _builder_version=&#8221;4.9.0&#8243; _module_preset=&#8221;default&#8221; width=&#8221;18%&#8221; min_height=&#8221;19px&#8221; custom_margin=&#8221;-23px||0px||false|false&#8221; custom_padding=&#8221;0px||||false|false&#8221; color=&#8221;#0192c6&#8243;][\/et_pb_divider][et_pb_text _builder_version=&#8221;4.9.0&#8243; _module_preset=&#8221;default&#8221;] V [&hellip;]<\/p>\n","protected":false},"author":1,"featured_media":0,"parent":0,"menu_order":0,"comment_status":"closed","ping_status":"closed","template":"","meta":{"_et_pb_use_builder":"on","_et_pb_old_content":"<!-- wp:divi\/placeholder \/-->","_et_gb_content_width":"","footnotes":""},"class_list":["post-908","page","type-page","status-publish","hentry"],"_links":{"self":[{"href":"https:\/\/perkinelmer.cz\/index.php?rest_route=\/wp\/v2\/pages\/908","targetHints":{"allow":["GET"]}}],"collection":[{"href":"https:\/\/perkinelmer.cz\/index.php?rest_route=\/wp\/v2\/pages"}],"about":[{"href":"https:\/\/perkinelmer.cz\/index.php?rest_route=\/wp\/v2\/types\/page"}],"author":[{"embeddable":true,"href":"https:\/\/perkinelmer.cz\/index.php?rest_route=\/wp\/v2\/users\/1"}],"replies":[{"embeddable":true,"href":"https:\/\/perkinelmer.cz\/index.php?rest_route=%2Fwp%2Fv2%2Fcomments&post=908"}],"version-history":[{"count":9,"href":"https:\/\/perkinelmer.cz\/index.php?rest_route=\/wp\/v2\/pages\/908\/revisions"}],"predecessor-version":[{"id":1258,"href":"https:\/\/perkinelmer.cz\/index.php?rest_route=\/wp\/v2\/pages\/908\/revisions\/1258"}],"wp:attachment":[{"href":"https:\/\/perkinelmer.cz\/index.php?rest_route=%2Fwp%2Fv2%2Fmedia&parent=908"}],"curies":[{"name":"wp","href":"https:\/\/api.w.org\/{rel}","templated":true}]}}