{"id":927,"date":"2021-03-09T11:01:06","date_gmt":"2021-03-09T10:01:06","guid":{"rendered":"http:\/\/perkinelmer.cz\/?page_id=927"},"modified":"2021-03-12T11:48:45","modified_gmt":"2021-03-12T10:48:45","slug":"anorganicka-analyza","status":"publish","type":"page","link":"https:\/\/perkinelmer.cz\/?page_id=927","title":{"rendered":"Anorganick\u00e1 anal\u00fdza"},"content":{"rendered":"<p>[et_pb_section fb_built=&#8221;1&#8243; _builder_version=&#8221;4.9.0&#8243; _module_preset=&#8221;default&#8221; background_color=&#8221;#f2f2f2&#8243; min_height=&#8221;100px&#8221; height=&#8221;100px&#8221;][et_pb_row _builder_version=&#8221;4.9.0&#8243; _module_preset=&#8221;default&#8221; min_height=&#8221;92px&#8221; custom_margin=&#8221;-38px||||false|false&#8221;][et_pb_column type=&#8221;4_4&#8243; _builder_version=&#8221;4.9.0&#8243; _module_preset=&#8221;default&#8221;][et_pb_text _builder_version=&#8221;4.9.0&#8243; _module_preset=&#8221;default&#8221; min_height=&#8221;10px&#8221; custom_padding__hover_enabled=&#8221;on|desktop&#8221;]<\/p>\n<h1>ICP-MS spektrometry<\/h1>\n<p>[\/et_pb_text][\/et_pb_column][\/et_pb_row][\/et_pb_section][et_pb_section fb_built=&#8221;1&#8243; _builder_version=&#8221;4.9.0&#8243; _module_preset=&#8221;default&#8221;][et_pb_row column_structure=&#8221;1_3,1_3,1_3&#8243; _builder_version=&#8221;4.9.0&#8243; _module_preset=&#8221;default&#8221;][et_pb_column type=&#8221;1_3&#8243; _builder_version=&#8221;4.9.0&#8243; _module_preset=&#8221;default&#8221;][et_pb_blurb title=&#8221;NexION 5000&#8243; image=&#8221;http:\/\/perkinelmer.cz\/wp-content\/uploads\/2021\/03\/NexION5000-ICP-MS-RightElevated.png&#8221; _builder_version=&#8221;4.9.0&#8243; _module_preset=&#8221;default&#8221; link_option_url=&#8221;https:\/\/www.perkinelmer.com\/product\/final-assy-nexion-5000-n8160010&#8243;]<\/p>\n<div class=\"page\" title=\"Page 1\">\n<div class=\"section\">\n<div class=\"layoutArea\">\n<div class=\"column\">\n<p><span>PerkinElmer, jako leader v oblasti anorganicke\u0301 <\/span><span>analy\u0301zy metodou indukc\u030cne\u030c va\u0301zane\u0301ho plazmatu (<\/span><span>ICP), pr\u030cedstavil v roce 2020 prvni\u0301 multi-<\/span><span>kvadrupo\u0301love\u0301 ICP-MS NexION 5000. Tento unika\u0301tni\u0301 pr\u030ci\u0301stroj se c\u030ctyr\u030cmi kvadrupo\u0301ly doplnil\u00a0<\/span><span>portfolio pro prvkovou analy\u0301zu o nejvy\u0301konne\u030cjs\u030ci\u0301 nabi\u0301zene\u0301 ICP-MS na trhu. <\/span><\/p>\n<\/div>\n<\/div>\n<\/div>\n<\/div>\n<p>[\/et_pb_blurb][\/et_pb_column][et_pb_column type=&#8221;1_3&#8243; _builder_version=&#8221;4.9.0&#8243; _module_preset=&#8221;default&#8221;][et_pb_blurb title=&#8221;NexION 2000&#8243; image=&#8221;http:\/\/perkinelmer.cz\/wp-content\/uploads\/2021\/03\/NexION_2000B_ICP-MS_Front_Elevated.png&#8221; _builder_version=&#8221;4.9.0&#8243; _module_preset=&#8221;default&#8221; link_option_url=&#8221;https:\/\/www.perkinelmer.com\/product\/nexion-2000b-icp-ms-configuration-n8150044&#8243;]<\/p>\n<p><span>P\u0159\u00edstroje \u0159ady NexION 2000 ur\u010duj\u00ed standard ultrastopov\u00e9 anal\u00fdzy v oblasti ICP-MS, jsou to nejuniverz\u00e1ln\u011bj\u0161\u00ed ICP-MS spektrometry na trhu. \u00a0Pokud hled\u00e1te vysoce v\u00fdkonn\u00e9 a stabiln\u00ed \u0159e\u0161en\u00ed, kter\u00e9 je schopn\u00e9 pracovat 24hod\/7dn\u00ed, je tato \u0159ada pro V\u00e1s t\u00edm spr\u00e1vn\u00fdm \u0159e\u0161en\u00edm.<\/span><\/p>\n<p>[\/et_pb_blurb][\/et_pb_column][et_pb_column type=&#8221;1_3&#8243; _builder_version=&#8221;4.9.0&#8243; _module_preset=&#8221;default&#8221;][et_pb_blurb title=&#8221;NexION 1000&#8243; image=&#8221;http:\/\/perkinelmer.cz\/wp-content\/uploads\/2021\/03\/NexION-1000-ICP-MS-Front-Elevated_700x700.png&#8221; _builder_version=&#8221;4.9.0&#8243; _module_preset=&#8221;default&#8221; link_option_url=&#8221;https:\/\/www.perkinelmer.com\/product\/nexion-1000-icp-ms-n8150048&#8243;]<\/p>\n<p>NexION\u00ae 1000 ICP-MS je ide\u00e1ln\u00ed vysokov\u00fdkonn\u00fd syst\u00e9m pro rutinn\u00ed v\u00edceprvkov\u00e9 anal\u00fdzy na stopov\u00e9 \u00farovni, kter\u00e9 spl\u0148uj\u00ed regula\u010dn\u00ed standardy a funguj\u00ed v r\u00e1mci va\u0161eho rozpo\u010dtu. Je vybaven celou \u0159adou patentovan\u00fdch technologi\u00ed, kter\u00e9 kombinuj\u00ed v\u00fdjime\u010dnou rychlost a provozn\u00ed jednoduchost, d\u00edky \u010demu\u017e je va\u0161e laborato\u0159 efektivn\u011bj\u0161\u00ed ne\u017e kdy d\u0159\u00edve.<\/p>\n<p>[\/et_pb_blurb][\/et_pb_column][\/et_pb_row][\/et_pb_section][et_pb_section fb_built=&#8221;1&#8243; _builder_version=&#8221;4.9.0&#8243; _module_preset=&#8221;default&#8221; background_color=&#8221;#f2f2f2&#8243; min_height=&#8221;100px&#8221; height=&#8221;100px&#8221;][et_pb_row _builder_version=&#8221;4.9.0&#8243; _module_preset=&#8221;default&#8221; min_height=&#8221;92px&#8221; custom_margin=&#8221;-38px||||false|false&#8221;][et_pb_column type=&#8221;4_4&#8243; _builder_version=&#8221;4.9.0&#8243; _module_preset=&#8221;default&#8221;][et_pb_text _builder_version=&#8221;4.9.0&#8243; _module_preset=&#8221;default&#8221; min_height=&#8221;10px&#8221; custom_padding__hover_enabled=&#8221;on|desktop&#8221;]<\/p>\n<h1>ICP-OES spektrometry<\/h1>\n<p>[\/et_pb_text][\/et_pb_column][\/et_pb_row][\/et_pb_section][et_pb_section fb_built=&#8221;1&#8243; _builder_version=&#8221;4.9.0&#8243; _module_preset=&#8221;default&#8221;][et_pb_row column_structure=&#8221;1_3,1_3,1_3&#8243; _builder_version=&#8221;4.9.0&#8243; _module_preset=&#8221;default&#8221;][et_pb_column type=&#8221;1_3&#8243; _builder_version=&#8221;4.9.0&#8243; _module_preset=&#8221;default&#8221;][et_pb_blurb title=&#8221;Avio 560 Max&#8221; image=&#8221;http:\/\/perkinelmer.cz\/wp-content\/uploads\/2021\/03\/Avio-560-Max-ICP-OES-Right-Elevated-1000&#215;1000-1.jpg&#8221; _builder_version=&#8221;4.9.0&#8243; _module_preset=&#8221;default&#8221; link_option_url=&#8221;https:\/\/www.perkinelmer.com\/product\/avio-560-max-hts-system-n0810003&#8243;]<\/p>\n<p>Nejrychlej\u0161\u00ed optick\u00e9 ICP na trhu. Tento p\u0159\u00edstroj kombinuje v\u0161echny v\u00fdhody spektrometru Avio \u00a0550 Max s ultrarychl\u00fdm HTS vzorkovac\u00edm syst\u00e9mem. D\u00edky tomu se doba anal\u00fdzy sni\u017euje na t\u0159etinu, nap\u0159. anal\u00fdza trvaj\u00edc\u00ed na b\u011b\u017en\u00e9m simult\u00e1nn\u00edm spektrometru 1,5 min. trv\u00e1 pouh\u00fdch 30 s.<\/p>\n<p>[\/et_pb_blurb][\/et_pb_column][et_pb_column type=&#8221;1_3&#8243; _builder_version=&#8221;4.9.0&#8243; _module_preset=&#8221;default&#8221;][et_pb_blurb title=&#8221;Avio 550 Max&#8221; image=&#8221;http:\/\/perkinelmer.cz\/wp-content\/uploads\/2021\/03\/Avio-550-Max-ICP-OES-Front-Elevated-1000&#215;1000-1.jpg&#8221; _builder_version=&#8221;4.9.0&#8243; _module_preset=&#8221;default&#8221; link_option_url=&#8221;https:\/\/www.perkinelmer.com\/product\/avio-550-max-scott-cross-flow-system-n0810004&#8243;]<\/p>\n<p><span>ICP spektrometr Avio 550 Max kombinuje maxim\u00e1ln\u00ed produktivitu s minim\u00e1ln\u00edmi provozn\u00edmi n\u00e1klady. Simult\u00e1nn\u00ed optick\u00fd syst\u00e9m se dv\u011bma detektory zaji\u0161\u0165uje vysokou citlivost a rozli\u0161en\u00ed i pro nejn\u00e1ro\u010dn\u011bj\u0161\u00ed vzorky. Patentovan\u00e1 technologie Flat Plate Plasma d\u00e1v\u00e1 celkovou spot\u0159ebu argonu 9 l\/min., cca o 50% m\u00e9n\u011b, ne\u017e jin\u00e9 ICP spektrometry.<\/span><\/p>\n<p>[\/et_pb_blurb][\/et_pb_column][et_pb_column type=&#8221;1_3&#8243; _builder_version=&#8221;4.9.0&#8243; _module_preset=&#8221;default&#8221;][et_pb_blurb title=&#8221;Avio 220 Max&#8221; image=&#8221;http:\/\/perkinelmer.cz\/wp-content\/uploads\/2021\/03\/Avio-220-Max-ICP-OES-Front-Elevated-1000&#215;1000-1.jpg&#8221; _builder_version=&#8221;4.9.0&#8243; _module_preset=&#8221;default&#8221; link_option_url=&#8221;https:\/\/www.perkinelmer.com\/product\/avio-220-max-scott-cross-flow-system-n0790004&#8243;]<\/p>\n<p><span>Avio 220 Max je kompaktn\u00ed ICP-OES spektrometr, kter\u00fd kombinuje vertik\u00e1ln\u00ed uspo\u0159\u00e1d\u00e1n\u00ed plazmy s \u0159adou unik\u00e1tn\u00ed hardwarov\u00fdch prvk\u016f. D\u00edky nim m\u00e1 p\u0159\u00edstroj velice n\u00edzkou spot\u0159ebu argonu, rychl\u00fd n\u00e1b\u011bh b\u011bhem n\u011bkolika minut a vynikaj\u00edc\u00ed citlivost a rozli\u0161en\u00ed pro v\u0161echny prvky.<\/span><\/p>\n<p>[\/et_pb_blurb][\/et_pb_column][\/et_pb_row][\/et_pb_section][et_pb_section fb_built=&#8221;1&#8243; _builder_version=&#8221;4.9.0&#8243; _module_preset=&#8221;default&#8221; background_color=&#8221;#f2f2f2&#8243; min_height=&#8221;100px&#8221; height=&#8221;100px&#8221;][et_pb_row _builder_version=&#8221;4.9.0&#8243; _module_preset=&#8221;default&#8221; min_height=&#8221;92px&#8221; custom_margin=&#8221;-38px||||false|false&#8221;][et_pb_column type=&#8221;4_4&#8243; _builder_version=&#8221;4.9.0&#8243; _module_preset=&#8221;default&#8221;][et_pb_text _builder_version=&#8221;4.9.0&#8243; _module_preset=&#8221;default&#8221; min_height=&#8221;10px&#8221; custom_padding__hover_enabled=&#8221;on|desktop&#8221;]<\/p>\n<h1>AAS spektrometry<\/h1>\n<p>[\/et_pb_text][\/et_pb_column][\/et_pb_row][\/et_pb_section][et_pb_section fb_built=&#8221;1&#8243; _builder_version=&#8221;4.9.0&#8243; _module_preset=&#8221;default&#8221;][et_pb_row column_structure=&#8221;1_3,1_3,1_3&#8243; _builder_version=&#8221;4.9.0&#8243; _module_preset=&#8221;default&#8221;][et_pb_column type=&#8221;1_3&#8243; _builder_version=&#8221;4.9.0&#8243; _module_preset=&#8221;default&#8221;][et_pb_blurb title=&#8221;PinAAcle 900&#8243; image=&#8221;http:\/\/perkinelmer.cz\/wp-content\/uploads\/2021\/03\/PinAAcle_900_Series.png&#8221; image_max_width=&#8221;98%&#8221; _builder_version=&#8221;4.9.0&#8243; _module_preset=&#8221;default&#8221; link_option_url=&#8221;https:\/\/www.perkinelmer.com\/product\/pinaacle-900t-atomic-absorption-spectrometer-pinaacle900t&#8221;]<\/p>\n<div class=\"page\" title=\"Page 8\">\n<div class=\"section\">\n<div class=\"layoutArea\">\n<div class=\"column\">\n<p><span>Pokroc\u030cily\u0301 syste\u0301m PinAAcle 900 nabi\u0301zi\u0301 konfigurace pro pro ru\u030azne\u0301 na\u0301roky na me\u030cr\u030ceni\u0301. Samozr\u030cejmosti\u0301 jsou opticka\u0301 vla\u0301kna a detektor SSD. Dostupna\u0301 s technikami plamen, kyveta. Kombinace plamenu a kyvety umi\u0301ste\u030cne\u0301 v jednom pr\u030ci\u0301stroji nad sebou v optimalizovany\u0301ch pozici\u0301ch s autosamplerem pro kyvetu. S volbou mezi grafitovy\u0301m atomize\u0301rem (HGA) nebo pr\u030ci\u0301c\u030cne\u030c vyhr\u030ci\u0301vany\u0301m grafitovy\u0301m atomize\u0301rem (THGA), v kombinaci s Longitudina\u0301lni\u0301 Zeemanovou korekci\u0301 nebo deuteriovou lampou. <\/span><\/p>\n<\/div>\n<\/div>\n<\/div>\n<\/div>\n<p>[\/et_pb_blurb][\/et_pb_column][et_pb_column type=&#8221;1_3&#8243; _builder_version=&#8221;4.9.0&#8243; _module_preset=&#8221;default&#8221;][et_pb_blurb title=&#8221;PinAAcle 500&#8243; image=&#8221;http:\/\/perkinelmer.cz\/wp-content\/uploads\/2021\/03\/PinAAcle_500_AA_Elevated_Front.png&#8221; _builder_version=&#8221;4.9.0&#8243; _module_preset=&#8221;default&#8221; link_option_url=&#8221;https:\/\/www.perkinelmer.com\/product\/pinaacle-500-flame-atomic-absorption-spectrometer-pinaacle500&#8243;]<\/p>\n<div class=\"page\" title=\"Page 8\">\n<div class=\"section\">\n<div class=\"layoutArea\">\n<div class=\"column\">\n<p><span>Za\u0301kladni\u0301m pr\u030ci\u0301strojem AAS techniky je plamenovy\u0301 PinAAcle 500.<br \/>V rea\u0301lne\u0301m c\u030case doupaprskovy\u0301 syste\u0301m s vedeni\u0301m v bezu\u0301drz\u030cbo- vy\u0301ch opticky\u0301ch vla\u0301knech a s detekci\u0301 pomoci\u0301 SSD bez pouz\u030citi\u0301 na\u0301kladny\u0301ch PMT detektoru\u030a. Kompatibilita pro HCL a EDL lampy. Konstruova\u0301n jako kompletne\u030c korozi odolny\u0301 AAS s chra\u0301ne\u030cny\u0301mi elek- tronicky\u0301mi obvody. Korekce pozadi\u0301 pomoci\u0301 kontinua\u0301lni\u0301ho zdroje za\u0301r\u030ceni\u0301 deuteriove\u0301 lampy. Volitelne\u030c ovla\u0301da\u0301ni\u0301 z dotykove\u0301ho panelu softwarem Syngistic \u201etr\u030cemi kroky od nastaveni\u0301 po analy\u0301zu\u201c.<\/span><\/p>\n<\/div>\n<\/div>\n<\/div>\n<\/div>\n<p>[\/et_pb_blurb][\/et_pb_column][et_pb_column type=&#8221;1_3&#8243; _builder_version=&#8221;4.9.0&#8243; _module_preset=&#8221;default&#8221;][et_pb_blurb title=&#8221;FIAS 100 Flow Injection&#8221; image=&#8221;http:\/\/perkinelmer.cz\/wp-content\/uploads\/2021\/03\/FIAS_100_Front.png&#8221; _builder_version=&#8221;4.9.0&#8243; _module_preset=&#8221;default&#8221; link_option_url=&#8221;https:\/\/www.perkinelmer.com\/product\/fias-100-flow-injection-for-atomic-spectroscopy-system-b0508570&#8243;]<\/p>\n<p>FIAS je pln\u011b integrovan\u00fd a automatizovan\u00fd syst\u00e9m pro anal\u00fdzu vst\u0159ikov\u00e1n\u00ed rtuti \/ hydridu, kter\u00fd poskytuje nov\u00e9 \u00farovn\u011b automatizace a manipulace se vzorky pro AA, ICP a ICP-MS, co\u017e dramaticky zvy\u0161uje produktivitu a mo\u017enosti laborato\u0159e.<\/p>\n<p>[\/et_pb_blurb][\/et_pb_column][\/et_pb_row][\/et_pb_section][et_pb_section fb_built=&#8221;1&#8243; _builder_version=&#8221;4.9.0&#8243; _module_preset=&#8221;default&#8221; background_color=&#8221;#f2f2f2&#8243; min_height=&#8221;100px&#8221; height=&#8221;100px&#8221;][et_pb_row _builder_version=&#8221;4.9.0&#8243; _module_preset=&#8221;default&#8221; min_height=&#8221;92px&#8221; custom_margin=&#8221;-38px||||false|false&#8221;][et_pb_column type=&#8221;4_4&#8243; _builder_version=&#8221;4.9.0&#8243; _module_preset=&#8221;default&#8221;][et_pb_text _builder_version=&#8221;4.9.0&#8243; _module_preset=&#8221;default&#8221; min_height=&#8221;10px&#8221; custom_padding__hover_enabled=&#8221;on|desktop&#8221;]<\/p>\n<h1>Mikrovlnn\u00e1 mineralizace<\/h1>\n<p>[\/et_pb_text][\/et_pb_column][\/et_pb_row][\/et_pb_section][et_pb_section fb_built=&#8221;1&#8243; _builder_version=&#8221;4.9.0&#8243; _module_preset=&#8221;default&#8221;][et_pb_row column_structure=&#8221;1_3,1_3,1_3&#8243; _builder_version=&#8221;4.9.0&#8243; _module_preset=&#8221;default&#8221;][et_pb_column type=&#8221;1_3&#8243; _builder_version=&#8221;4.9.0&#8243; _module_preset=&#8221;default&#8221;][et_pb_blurb title=&#8221;Titan MPS&#8221; image=&#8221;http:\/\/perkinelmer.cz\/wp-content\/uploads\/2021\/03\/TITAN-CLOSED-FRONT-V5_700px.png&#8221; _builder_version=&#8221;4.9.0&#8243; _module_preset=&#8221;default&#8221; link_option_url=&#8221;https:\/\/www.perkinelmer.com\/product\/titan-mps-8-position-sys-230v-50-60hz-n3130110&#8243;]<\/p>\n<p>Vlajkovou lod\u00ed v oblasti mikrovlnn\u00e9 mineralizace je syst\u00e9m Titan MPS \u2122. Je to flexibiln\u00ed, snadno ovladateln\u00fd syst\u00e9m pro mikrovlnnou p\u0159\u00edpravu vzork\u016f tlakov\u00fdm rozkladem pro n\u00e1slednou anorganickou anal\u00fdzu pomoc\u00ed PerkinElmer \u00ae AA, ICP a ICP-MS p\u0159\u00edstroj\u016f. Syst\u00e9my Direct Temperature Control (DTC) a Direct Pressure Control (DPC) zaji\u0161\u0165uj\u00ed spolehliv\u00e9 bezkontaktn\u00ed m\u011b\u0159en\u00ed tlaku a teploty v n\u00e1dobk\u00e1ch.<\/p>\n<p>&nbsp;<\/p>\n<p>[\/et_pb_blurb][\/et_pb_column][et_pb_column type=&#8221;1_3&#8243; _builder_version=&#8221;4.9.0&#8243; _module_preset=&#8221;default&#8221;][\/et_pb_column][et_pb_column type=&#8221;1_3&#8243; _builder_version=&#8221;4.9.0&#8243; _module_preset=&#8221;default&#8221;][\/et_pb_column][\/et_pb_row][\/et_pb_section]<\/p>\n","protected":false},"excerpt":{"rendered":"<p>[et_pb_section fb_built=&#8221;1&#8243; _builder_version=&#8221;4.9.0&#8243; _module_preset=&#8221;default&#8221; background_color=&#8221;#f2f2f2&#8243; min_height=&#8221;100px&#8221; height=&#8221;100px&#8221;][et_pb_row _builder_version=&#8221;4.9.0&#8243; _module_preset=&#8221;default&#8221; min_height=&#8221;92px&#8221; custom_margin=&#8221;-38px||||false|false&#8221;][et_pb_column type=&#8221;4_4&#8243; _builder_version=&#8221;4.9.0&#8243; _module_preset=&#8221;default&#8221;][et_pb_text _builder_version=&#8221;4.9.0&#8243; _module_preset=&#8221;default&#8221; min_height=&#8221;10px&#8221; custom_padding__hover_enabled=&#8221;on|desktop&#8221;] ICP-MS spektrometry [\/et_pb_text][\/et_pb_column][\/et_pb_row][\/et_pb_section][et_pb_section fb_built=&#8221;1&#8243; _builder_version=&#8221;4.9.0&#8243; _module_preset=&#8221;default&#8221;][et_pb_row column_structure=&#8221;1_3,1_3,1_3&#8243; _builder_version=&#8221;4.9.0&#8243; _module_preset=&#8221;default&#8221;][et_pb_column type=&#8221;1_3&#8243; _builder_version=&#8221;4.9.0&#8243; _module_preset=&#8221;default&#8221;][et_pb_blurb title=&#8221;NexION 5000&#8243; image=&#8221;http:\/\/perkinelmer.cz\/wp-content\/uploads\/2021\/03\/NexION5000-ICP-MS-RightElevated.png&#8221; _builder_version=&#8221;4.9.0&#8243; _module_preset=&#8221;default&#8221; link_option_url=&#8221;https:\/\/www.perkinelmer.com\/product\/final-assy-nexion-5000-n8160010&#8243;] PerkinElmer, jako leader v oblasti anorganicke\u0301 analy\u0301zy metodou indukc\u030cne\u030c va\u0301zane\u0301ho plazmatu (ICP), pr\u030cedstavil v roce 2020 prvni\u0301 multi-kvadrupo\u0301love\u0301 ICP-MS [&hellip;]<\/p>\n","protected":false},"author":1,"featured_media":0,"parent":0,"menu_order":0,"comment_status":"closed","ping_status":"closed","template":"","meta":{"_et_pb_use_builder":"on","_et_pb_old_content":"<!-- wp:divi\/placeholder \/-->","_et_gb_content_width":"","footnotes":""},"class_list":["post-927","page","type-page","status-publish","hentry"],"_links":{"self":[{"href":"https:\/\/perkinelmer.cz\/index.php?rest_route=\/wp\/v2\/pages\/927","targetHints":{"allow":["GET"]}}],"collection":[{"href":"https:\/\/perkinelmer.cz\/index.php?rest_route=\/wp\/v2\/pages"}],"about":[{"href":"https:\/\/perkinelmer.cz\/index.php?rest_route=\/wp\/v2\/types\/page"}],"author":[{"embeddable":true,"href":"https:\/\/perkinelmer.cz\/index.php?rest_route=\/wp\/v2\/users\/1"}],"replies":[{"embeddable":true,"href":"https:\/\/perkinelmer.cz\/index.php?rest_route=%2Fwp%2Fv2%2Fcomments&post=927"}],"version-history":[{"count":11,"href":"https:\/\/perkinelmer.cz\/index.php?rest_route=\/wp\/v2\/pages\/927\/revisions"}],"predecessor-version":[{"id":999,"href":"https:\/\/perkinelmer.cz\/index.php?rest_route=\/wp\/v2\/pages\/927\/revisions\/999"}],"wp:attachment":[{"href":"https:\/\/perkinelmer.cz\/index.php?rest_route=%2Fwp%2Fv2%2Fmedia&parent=927"}],"curies":[{"name":"wp","href":"https:\/\/api.w.org\/{rel}","templated":true}]}}